{"id":37,"date":"2023-05-15T14:41:00","date_gmt":"2023-05-15T12:41:00","guid":{"rendered":"http:\/\/2023.cosmetic-zier.de\/?page_id=37"},"modified":"2023-06-27T20:18:07","modified_gmt":"2023-06-27T18:18:07","slug":"ueber-mich","status":"publish","type":"page","link":"https:\/\/cosmetic-zier.de\/index.php\/ueber-mich\/","title":{"rendered":"\u00dcber mich"},"content":{"rendered":"\t\t<div data-elementor-type=\"wp-page\" data-elementor-id=\"37\" class=\"elementor elementor-37\" data-elementor-post-type=\"page\">\n\t\t\t\t\t\t<section class=\"elementor-section elementor-top-section elementor-element elementor-element-6d7253a elementor-section-full_width elementor-section-height-default elementor-section-height-default\" data-id=\"6d7253a\" data-element_type=\"section\">\n\t\t\t\t\t\t<div class=\"elementor-container elementor-column-gap-default\">\n\t\t\t\t\t<div class=\"elementor-column elementor-col-100 elementor-top-column elementor-element elementor-element-431cc46f\" data-id=\"431cc46f\" data-element_type=\"column\">\n\t\t\t<div class=\"elementor-widget-wrap elementor-element-populated\">\n\t\t\t\t\t\t<div class=\"elementor-element elementor-element-5744ed7 elementor-widget elementor-widget-text-editor\" data-id=\"5744ed7\" data-element_type=\"widget\" data-widget_type=\"text-editor.default\">\n\t\t\t\t\t\t\t\t\t\u00dcBER <b>MICH<\/b>\t\t\t\t\t\t\t\t<\/div>\n\t\t\t\t<div class=\"elementor-element elementor-element-3465b969 elementor-widget-divider--view-line elementor-widget elementor-widget-divider\" data-id=\"3465b969\" data-element_type=\"widget\" data-settings=\"{&quot;motion_fx_motion_fx_scrolling&quot;:&quot;yes&quot;,&quot;motion_fx_translateX_effect&quot;:&quot;yes&quot;,&quot;motion_fx_translateX_direction&quot;:&quot;negative&quot;,&quot;motion_fx_translateX_speed&quot;:{&quot;unit&quot;:&quot;px&quot;,&quot;size&quot;:&quot;1.5&quot;,&quot;sizes&quot;:[]},&quot;motion_fx_devices&quot;:[&quot;desktop&quot;],&quot;motion_fx_translateX_affectedRange&quot;:{&quot;unit&quot;:&quot;%&quot;,&quot;size&quot;:&quot;&quot;,&quot;sizes&quot;:{&quot;start&quot;:0,&quot;end&quot;:100}}}\" data-widget_type=\"divider.default\">\n\t\t\t\t\t\t\t<div class=\"elementor-divider\">\n\t\t\t<span class=\"elementor-divider-separator\">\n\t\t\t\t\t\t<\/span>\n\t\t<\/div>\n\t\t\t\t\t\t<\/div>\n\t\t\t\t\t<\/div>\n\t\t<\/div>\n\t\t\t\t\t<\/div>\n\t\t<\/section>\n\t\t\t\t<section class=\"elementor-section elementor-top-section elementor-element elementor-element-4c4be96 elementor-section-full_width elementor-section-height-min-height elementor-reverse-mobile elementor-reverse-tablet elementor-section-items-top elementor-reverse-mobile_extra elementor-section-height-default\" data-id=\"4c4be96\" data-element_type=\"section\">\n\t\t\t\t\t\t<div class=\"elementor-container elementor-column-gap-custom\">\n\t\t\t\t\t<div class=\"elementor-column elementor-col-50 elementor-top-column elementor-element elementor-element-207f5ab8\" data-id=\"207f5ab8\" data-element_type=\"column\">\n\t\t\t<div class=\"elementor-widget-wrap elementor-element-populated\">\n\t\t\t\t\t\t<div class=\"elementor-element elementor-element-10bf66ed elementor-widget elementor-widget-text-editor\" data-id=\"10bf66ed\" data-element_type=\"widget\" data-widget_type=\"text-editor.default\">\n\t\t\t\t\t\t\t\t\t<h3><strong>Marlene Zier<\/strong><\/h3>\t\t\t\t\t\t\t\t<\/div>\n\t\t\t\t<div class=\"elementor-element elementor-element-cfb4d28 elementor-widget elementor-widget-text-editor\" data-id=\"cfb4d28\" data-element_type=\"widget\" data-widget_type=\"text-editor.default\">\n\t\t\t\t\t\t\t\t\tNach vielen Jahren meiner erfolgreichen Selbstst\u00e4ndigkeit als Kosmetikerin in Aachen mit <a href=\"https:\/\/www.mariagalland.com\/default\/home\" target=\"_blank\" rel=\"noopener\">MARIA GALLAND PARIS<\/a> zog es mich wieder im M\u00e4rz 2017 zur\u00fcck in meine Heimatstadt Bamberg.\t\t\t\t\t\t\t\t<\/div>\n\t\t\t\t<section class=\"elementor-section elementor-inner-section elementor-element elementor-element-2e5a29f elementor-section-boxed elementor-section-height-default elementor-section-height-default\" data-id=\"2e5a29f\" data-element_type=\"section\">\n\t\t\t\t\t\t<div class=\"elementor-container elementor-column-gap-custom\">\n\t\t\t\t\t<div class=\"elementor-column elementor-col-50 elementor-inner-column elementor-element elementor-element-9824dbd\" data-id=\"9824dbd\" data-element_type=\"column\">\n\t\t\t<div class=\"elementor-widget-wrap elementor-element-populated\">\n\t\t\t\t\t\t<div class=\"elementor-element elementor-element-897478e elementor-widget elementor-widget-text-editor\" data-id=\"897478e\" data-element_type=\"widget\" data-widget_type=\"text-editor.default\">\n\t\t\t\t\t\t\t\t\t<p>1998<\/p>\t\t\t\t\t\t\t\t<\/div>\n\t\t\t\t\t<\/div>\n\t\t<\/div>\n\t\t\t\t<div class=\"elementor-column elementor-col-50 elementor-inner-column elementor-element elementor-element-01bca42\" data-id=\"01bca42\" data-element_type=\"column\">\n\t\t\t<div class=\"elementor-widget-wrap elementor-element-populated\">\n\t\t\t\t\t\t<div class=\"elementor-element elementor-element-eba29bf elementor-widget elementor-widget-text-editor\" data-id=\"eba29bf\" data-element_type=\"widget\" data-widget_type=\"text-editor.default\">\n\t\t\t\t\t\t\t\t\t<p>Ausbildung zur Fachkosmetikerin und med. Fu\u00dfpflegerin<br \/>in der <a title=\"Bamberger Berufsfachschule f\u00fcr Kosmetik\" href=\"http:\/\/www.bamberger-kosmetikschule.de\/\" target=\"_blank\" rel=\"noopener noreferrer\">Bamberger Berufsfachschule f\u00fcr Kosmetik<\/a><\/p>\t\t\t\t\t\t\t\t<\/div>\n\t\t\t\t\t<\/div>\n\t\t<\/div>\n\t\t\t\t\t<\/div>\n\t\t<\/section>\n\t\t\t\t<section class=\"elementor-section elementor-inner-section elementor-element elementor-element-8d2d623 elementor-section-boxed elementor-section-height-default elementor-section-height-default\" data-id=\"8d2d623\" data-element_type=\"section\">\n\t\t\t\t\t\t<div class=\"elementor-container elementor-column-gap-custom\">\n\t\t\t\t\t<div class=\"elementor-column elementor-col-50 elementor-inner-column elementor-element elementor-element-f46bd25\" data-id=\"f46bd25\" data-element_type=\"column\">\n\t\t\t<div class=\"elementor-widget-wrap elementor-element-populated\">\n\t\t\t\t\t\t<div class=\"elementor-element elementor-element-87ddf1a elementor-widget elementor-widget-text-editor\" data-id=\"87ddf1a\" data-element_type=\"widget\" data-widget_type=\"text-editor.default\">\n\t\t\t\t\t\t\t\t\t<p>bis 2006<\/p>\t\t\t\t\t\t\t\t<\/div>\n\t\t\t\t\t<\/div>\n\t\t<\/div>\n\t\t\t\t<div class=\"elementor-column elementor-col-50 elementor-inner-column elementor-element elementor-element-6169bac\" data-id=\"6169bac\" data-element_type=\"column\">\n\t\t\t<div class=\"elementor-widget-wrap elementor-element-populated\">\n\t\t\t\t\t\t<div class=\"elementor-element elementor-element-443966e elementor-widget elementor-widget-text-editor\" data-id=\"443966e\" data-element_type=\"widget\" data-widget_type=\"text-editor.default\">\n\t\t\t\t\t\t\t\t\t<p>Kosmetikerin in einem privat gef\u00fchrten Kosmetikinstitut<br \/>und Parf\u00fcmerie in Bamberg<\/p>\t\t\t\t\t\t\t\t<\/div>\n\t\t\t\t\t<\/div>\n\t\t<\/div>\n\t\t\t\t\t<\/div>\n\t\t<\/section>\n\t\t\t\t<section class=\"elementor-section elementor-inner-section elementor-element elementor-element-2f38f30 elementor-section-boxed elementor-section-height-default elementor-section-height-default\" data-id=\"2f38f30\" data-element_type=\"section\">\n\t\t\t\t\t\t<div class=\"elementor-container elementor-column-gap-custom\">\n\t\t\t\t\t<div class=\"elementor-column elementor-col-50 elementor-inner-column elementor-element elementor-element-4e1c8dd\" data-id=\"4e1c8dd\" data-element_type=\"column\">\n\t\t\t<div class=\"elementor-widget-wrap elementor-element-populated\">\n\t\t\t\t\t\t<div class=\"elementor-element elementor-element-8588a38 elementor-widget elementor-widget-text-editor\" data-id=\"8588a38\" data-element_type=\"widget\" data-widget_type=\"text-editor.default\">\n\t\t\t\t\t\t\t\t\t<p>2007<\/p>\t\t\t\t\t\t\t\t<\/div>\n\t\t\t\t\t<\/div>\n\t\t<\/div>\n\t\t\t\t<div class=\"elementor-column elementor-col-50 elementor-inner-column elementor-element elementor-element-50e9d16\" data-id=\"50e9d16\" data-element_type=\"column\">\n\t\t\t<div class=\"elementor-widget-wrap elementor-element-populated\">\n\t\t\t\t\t\t<div class=\"elementor-element elementor-element-aa1a12a elementor-widget elementor-widget-text-editor\" data-id=\"aa1a12a\" data-element_type=\"widget\" data-widget_type=\"text-editor.default\">\n\t\t\t\t\t\t\t\t\t<p>Erfolgreicher Neuaufbau des Bereiches von kosmetischen Behandlungen in einer namhaften Parf\u00fcmerie in Aachen<\/p>\t\t\t\t\t\t\t\t<\/div>\n\t\t\t\t\t<\/div>\n\t\t<\/div>\n\t\t\t\t\t<\/div>\n\t\t<\/section>\n\t\t\t\t<section class=\"elementor-section elementor-inner-section elementor-element elementor-element-94e8130 elementor-section-boxed elementor-section-height-default elementor-section-height-default\" data-id=\"94e8130\" data-element_type=\"section\">\n\t\t\t\t\t\t<div class=\"elementor-container elementor-column-gap-custom\">\n\t\t\t\t\t<div class=\"elementor-column elementor-col-50 elementor-inner-column elementor-element elementor-element-32db373\" data-id=\"32db373\" data-element_type=\"column\">\n\t\t\t<div class=\"elementor-widget-wrap elementor-element-populated\">\n\t\t\t\t\t\t<div class=\"elementor-element elementor-element-21f73bf elementor-widget elementor-widget-text-editor\" data-id=\"21f73bf\" data-element_type=\"widget\" data-widget_type=\"text-editor.default\">\n\t\t\t\t\t\t\t\t\t<p>2009<\/p>\t\t\t\t\t\t\t\t<\/div>\n\t\t\t\t\t<\/div>\n\t\t<\/div>\n\t\t\t\t<div class=\"elementor-column elementor-col-50 elementor-inner-column elementor-element elementor-element-9b4f4cc\" data-id=\"9b4f4cc\" data-element_type=\"column\">\n\t\t\t<div class=\"elementor-widget-wrap elementor-element-populated\">\n\t\t\t\t\t\t<div class=\"elementor-element elementor-element-7987e77 elementor-widget elementor-widget-text-editor\" data-id=\"7987e77\" data-element_type=\"widget\" data-widget_type=\"text-editor.default\">\n\t\t\t\t\t\t\t\t\t<p>Selbstst\u00e4ndigkeit in Aachen mit der Marke<br \/><a title=\"MARIA GALLAND PARIS\" href=\"https:\/\/www.mariagalland.com\/default\/home\" target=\"_blank\" rel=\"noopener noreferrer\" data-wplink-edit=\"true\">MARIA GALLAND PARIS<\/a><\/p>\t\t\t\t\t\t\t\t<\/div>\n\t\t\t\t\t<\/div>\n\t\t<\/div>\n\t\t\t\t\t<\/div>\n\t\t<\/section>\n\t\t\t\t<section class=\"elementor-section elementor-inner-section elementor-element elementor-element-4421125 elementor-section-boxed elementor-section-height-default elementor-section-height-default\" data-id=\"4421125\" data-element_type=\"section\">\n\t\t\t\t\t\t<div class=\"elementor-container elementor-column-gap-custom\">\n\t\t\t\t\t<div class=\"elementor-column elementor-col-50 elementor-inner-column elementor-element elementor-element-4d1b173\" data-id=\"4d1b173\" data-element_type=\"column\">\n\t\t\t<div class=\"elementor-widget-wrap elementor-element-populated\">\n\t\t\t\t\t\t<div class=\"elementor-element elementor-element-737529a elementor-widget elementor-widget-text-editor\" data-id=\"737529a\" data-element_type=\"widget\" data-widget_type=\"text-editor.default\">\n\t\t\t\t\t\t\t\t\t<p>2009<\/p>\t\t\t\t\t\t\t\t<\/div>\n\t\t\t\t\t<\/div>\n\t\t<\/div>\n\t\t\t\t<div class=\"elementor-column elementor-col-50 elementor-inner-column elementor-element elementor-element-c5f0ac4\" data-id=\"c5f0ac4\" data-element_type=\"column\">\n\t\t\t<div class=\"elementor-widget-wrap elementor-element-populated\">\n\t\t\t\t\t\t<div class=\"elementor-element elementor-element-8b17ebf elementor-widget elementor-widget-text-editor\" data-id=\"8b17ebf\" data-element_type=\"widget\" data-widget_type=\"text-editor.default\">\n\t\t\t\t\t\t\t\t\t<p>Aus- und Weiterbildung an der<br \/><a title=\"Europ\u00e4ische Akademie f\u00fcr Ayurveda Deutschland\" href=\"https:\/\/www.ayurveda-akademie.org\/\" target=\"_blank\" rel=\"noopener noreferrer\">Europ\u00e4ischen Akademie f\u00fcr Ayurveda in Birstein,<\/a> <br \/>sowie regelm\u00e4\u00dfige Fort- und Weiterbildungen<\/p>\t\t\t\t\t\t\t\t<\/div>\n\t\t\t\t\t<\/div>\n\t\t<\/div>\n\t\t\t\t\t<\/div>\n\t\t<\/section>\n\t\t\t\t<section class=\"elementor-section elementor-inner-section elementor-element elementor-element-1a8f3fc elementor-section-boxed elementor-section-height-default elementor-section-height-default\" data-id=\"1a8f3fc\" data-element_type=\"section\">\n\t\t\t\t\t\t<div class=\"elementor-container elementor-column-gap-custom\">\n\t\t\t\t\t<div class=\"elementor-column elementor-col-50 elementor-inner-column elementor-element elementor-element-13364e0\" data-id=\"13364e0\" data-element_type=\"column\">\n\t\t\t<div class=\"elementor-widget-wrap elementor-element-populated\">\n\t\t\t\t\t\t<div class=\"elementor-element elementor-element-5cfa119 elementor-widget elementor-widget-text-editor\" data-id=\"5cfa119\" data-element_type=\"widget\" data-widget_type=\"text-editor.default\">\n\t\t\t\t\t\t\t\t\t<p>2011<\/p>\t\t\t\t\t\t\t\t<\/div>\n\t\t\t\t\t<\/div>\n\t\t<\/div>\n\t\t\t\t<div class=\"elementor-column elementor-col-50 elementor-inner-column elementor-element elementor-element-4663e1a\" data-id=\"4663e1a\" data-element_type=\"column\">\n\t\t\t<div class=\"elementor-widget-wrap elementor-element-populated\">\n\t\t\t\t\t\t<div class=\"elementor-element elementor-element-8dfc6ad elementor-widget elementor-widget-text-editor\" data-id=\"8dfc6ad\" data-element_type=\"widget\" data-widget_type=\"text-editor.default\">\n\t\t\t\t\t\t\t\t\t<p>Mitglied im <br \/><a title=\"VERBAND MEDIZINISCHE KOSMETIK e.V.\" href=\"http:\/\/www.verbandmedizinischekosmetik.de\/\" target=\"_blank\" rel=\"noopener noreferrer\" data-wplink-edit=\"true\">Verband medizinische Kosmetik e. V.<\/a><\/p>\t\t\t\t\t\t\t\t<\/div>\n\t\t\t\t\t<\/div>\n\t\t<\/div>\n\t\t\t\t\t<\/div>\n\t\t<\/section>\n\t\t\t\t<div class=\"elementor-element elementor-element-d9c2dc1 elementor-widget elementor-widget-text-editor\" data-id=\"d9c2dc1\" data-element_type=\"widget\" data-widget_type=\"text-editor.default\">\n\t\t\t\t\t\t\t\t\t<p>Meine Behandlung und Pflege richten sich nach Ihren individuellen W\u00fcnschen.<br \/>Gerne gehe ich auf Ihre Vorstellungen ein.<br \/>Einen Termin erhalten Sie nach telefonischer Vereinbarung \u2013 auch abends oder samstags.<br \/>In meinem Cosmetic-Studio werden ausschlie\u00dflich Produkte von<br \/><a href=\"https:\/\/www.mariagalland.com\" target=\"_blank\" rel=\"noopener\">MARIA GALLAND PARIS<\/a>, <a href=\"https:\/\/www.m2beaute.com\/\" target=\"_blank\" rel=\"noopener\">M2 BEAUT\u00c9<\/a>, <a href=\"https:\/\/www.mavala.de\/\" target=\"_blank\" rel=\"noopener\">MAVALA<\/a> und <a href=\"https:\/\/www.allpresan.com\" target=\"_blank\" rel=\"noopener\">ALLPRESAN<\/a> verwendet.<\/p>\t\t\t\t\t\t\t\t<\/div>\n\t\t\t\t<div class=\"elementor-element elementor-element-7124261 elementor-widget elementor-widget-text-editor\" data-id=\"7124261\" data-element_type=\"widget\" data-widget_type=\"text-editor.default\">\n\t\t\t\t\t\t\t\t\t<p>Ihre Marlene Zier<\/p>\t\t\t\t\t\t\t\t<\/div>\n\t\t\t\t\t<\/div>\n\t\t<\/div>\n\t\t\t\t<div class=\"elementor-column elementor-col-50 elementor-top-column elementor-element elementor-element-f08304b\" data-id=\"f08304b\" data-element_type=\"column\">\n\t\t\t<div class=\"elementor-widget-wrap elementor-element-populated\">\n\t\t\t\t\t\t<div class=\"elementor-element elementor-element-c5c3011 elementor-widget__width-initial elementor-widget elementor-widget-image\" data-id=\"c5c3011\" data-element_type=\"widget\" data-widget_type=\"image.default\">\n\t\t\t\t\t\t\t\t\t\t\t\t\t\t\t<img fetchpriority=\"high\" decoding=\"async\" width=\"800\" height=\"1200\" src=\"https:\/\/cosmetic-zier.de\/wp-content\/uploads\/2023\/06\/ueber_mich_cosmetic_zier_2.jpg\" class=\"attachment-full size-full wp-image-1465\" alt=\"\" srcset=\"https:\/\/cosmetic-zier.de\/wp-content\/uploads\/2023\/06\/ueber_mich_cosmetic_zier_2.jpg 800w, https:\/\/cosmetic-zier.de\/wp-content\/uploads\/2023\/06\/ueber_mich_cosmetic_zier_2-200x300.jpg 200w, https:\/\/cosmetic-zier.de\/wp-content\/uploads\/2023\/06\/ueber_mich_cosmetic_zier_2-683x1024.jpg 683w, https:\/\/cosmetic-zier.de\/wp-content\/uploads\/2023\/06\/ueber_mich_cosmetic_zier_2-768x1152.jpg 768w\" sizes=\"(max-width: 800px) 100vw, 800px\" \/>\t\t\t\t\t\t\t\t\t\t\t\t\t\t\t<\/div>\n\t\t\t\t\t<\/div>\n\t\t<\/div>\n\t\t\t\t\t<\/div>\n\t\t<\/section>\n\t\t\t\t<section class=\"elementor-section elementor-top-section elementor-element elementor-element-68e10184 elementor-section-full_width elementor-section-height-default elementor-section-height-default\" data-id=\"68e10184\" data-element_type=\"section\">\n\t\t\t\t\t\t<div class=\"elementor-container elementor-column-gap-default\">\n\t\t\t\t\t<div class=\"elementor-column elementor-col-20 elementor-top-column elementor-element elementor-element-63726055\" data-id=\"63726055\" data-element_type=\"column\">\n\t\t\t<div class=\"elementor-widget-wrap elementor-element-populated\">\n\t\t\t\t\t\t<div class=\"elementor-element elementor-element-7f61645e elementor-widget elementor-widget-image\" data-id=\"7f61645e\" data-element_type=\"widget\" data-widget_type=\"image.default\">\n\t\t\t\t\t\t\t\t\t\t\t\t\t\t\t\t<a href=\"http:\/\/www.verbandmedizinischekosmetik.de\/\" target=\"_blank\">\n\t\t\t\t\t\t\t<img decoding=\"async\" width=\"360\" height=\"430\" src=\"https:\/\/cosmetic-zier.de\/wp-content\/uploads\/2023\/05\/Logo_VMK.gif\" class=\"attachment-large size-large wp-image-477\" alt=\"\" \/>\t\t\t\t\t\t\t\t<\/a>\n\t\t\t\t\t\t\t\t\t\t\t\t\t\t\t<\/div>\n\t\t\t\t\t<\/div>\n\t\t<\/div>\n\t\t\t\t<div class=\"elementor-column elementor-col-20 elementor-top-column elementor-element elementor-element-51da4175\" data-id=\"51da4175\" data-element_type=\"column\">\n\t\t\t<div class=\"elementor-widget-wrap elementor-element-populated\">\n\t\t\t\t\t\t<div class=\"elementor-element elementor-element-14684748 elementor-widget elementor-widget-image\" data-id=\"14684748\" data-element_type=\"widget\" data-widget_type=\"image.default\">\n\t\t\t\t\t\t\t\t\t\t\t\t\t\t\t\t<a href=\"https:\/\/www.allpresan.com\" target=\"_blank\">\n\t\t\t\t\t\t\t<img decoding=\"async\" width=\"360\" height=\"430\" src=\"https:\/\/cosmetic-zier.de\/wp-content\/uploads\/2023\/05\/Logo_Allpresan.gif\" class=\"attachment-large size-large wp-image-481\" alt=\"\" \/>\t\t\t\t\t\t\t\t<\/a>\n\t\t\t\t\t\t\t\t\t\t\t\t\t\t\t<\/div>\n\t\t\t\t\t<\/div>\n\t\t<\/div>\n\t\t\t\t<div class=\"elementor-column elementor-col-20 elementor-top-column elementor-element elementor-element-1e86217f\" data-id=\"1e86217f\" data-element_type=\"column\">\n\t\t\t<div class=\"elementor-widget-wrap elementor-element-populated\">\n\t\t\t\t\t\t<div class=\"elementor-element elementor-element-f4bfc98 elementor-widget elementor-widget-image\" data-id=\"f4bfc98\" data-element_type=\"widget\" data-widget_type=\"image.default\">\n\t\t\t\t\t\t\t\t\t\t\t\t\t\t\t\t<a href=\"https:\/\/www.mavala.de\/\" target=\"_blank\">\n\t\t\t\t\t\t\t<img loading=\"lazy\" decoding=\"async\" width=\"360\" height=\"430\" src=\"https:\/\/cosmetic-zier.de\/wp-content\/uploads\/2023\/05\/Logo_Mavala.gif\" class=\"attachment-large size-large wp-image-482\" alt=\"\" \/>\t\t\t\t\t\t\t\t<\/a>\n\t\t\t\t\t\t\t\t\t\t\t\t\t\t\t<\/div>\n\t\t\t\t\t<\/div>\n\t\t<\/div>\n\t\t\t\t<div class=\"elementor-column elementor-col-20 elementor-top-column elementor-element elementor-element-67948615\" data-id=\"67948615\" data-element_type=\"column\">\n\t\t\t<div class=\"elementor-widget-wrap elementor-element-populated\">\n\t\t\t\t\t\t<div class=\"elementor-element elementor-element-249b562b elementor-widget elementor-widget-image\" data-id=\"249b562b\" data-element_type=\"widget\" data-widget_type=\"image.default\">\n\t\t\t\t\t\t\t\t\t\t\t\t\t\t\t\t<a href=\"https:\/\/www.m2beaute.com\/\" target=\"_blank\">\n\t\t\t\t\t\t\t<img loading=\"lazy\" decoding=\"async\" width=\"360\" height=\"430\" src=\"https:\/\/cosmetic-zier.de\/wp-content\/uploads\/2023\/05\/Logo_M2Beaute.gif\" class=\"attachment-large size-large wp-image-483\" alt=\"\" \/>\t\t\t\t\t\t\t\t<\/a>\n\t\t\t\t\t\t\t\t\t\t\t\t\t\t\t<\/div>\n\t\t\t\t\t<\/div>\n\t\t<\/div>\n\t\t\t\t<div class=\"elementor-column elementor-col-20 elementor-top-column elementor-element elementor-element-2a4b54dc\" data-id=\"2a4b54dc\" data-element_type=\"column\">\n\t\t\t<div class=\"elementor-widget-wrap elementor-element-populated\">\n\t\t\t\t\t\t<div class=\"elementor-element elementor-element-6f8166b9 elementor-widget elementor-widget-image\" data-id=\"6f8166b9\" data-element_type=\"widget\" data-widget_type=\"image.default\">\n\t\t\t\t\t\t\t\t\t\t\t\t\t\t\t\t<a href=\"https:\/\/www.mariagalland.com\" target=\"_blank\">\n\t\t\t\t\t\t\t<img loading=\"lazy\" decoding=\"async\" width=\"360\" height=\"430\" src=\"https:\/\/cosmetic-zier.de\/wp-content\/uploads\/2023\/05\/Logo_Maria_Galland.gif\" class=\"attachment-large size-large wp-image-484\" alt=\"\" \/>\t\t\t\t\t\t\t\t<\/a>\n\t\t\t\t\t\t\t\t\t\t\t\t\t\t\t<\/div>\n\t\t\t\t\t<\/div>\n\t\t<\/div>\n\t\t\t\t\t<\/div>\n\t\t<\/section>\n\t\t\t\t<\/div>\n\t\t","protected":false},"excerpt":{"rendered":"<p>\u00dcBER MICH Marlene Zier Nach vielen Jahren meiner erfolgreichen Selbstst\u00e4ndigkeit als Kosmetikerin in Aachen mit MARIA GALLAND PARIS zog es mich wieder im M\u00e4rz 2017 zur\u00fcck in meine Heimatstadt Bamberg. 1998 Ausbildung zur Fachkosmetikerin und med. Fu\u00dfpflegerinin der Bamberger Berufsfachschule f\u00fcr Kosmetik bis 2006 Kosmetikerin in einem privat gef\u00fchrten Kosmetikinstitutund Parf\u00fcmerie in Bamberg 2007 Erfolgreicher [&hellip;]<\/p>\n","protected":false},"author":1,"featured_media":0,"parent":0,"menu_order":0,"comment_status":"closed","ping_status":"closed","template":"","meta":{"footnotes":""},"class_list":["post-37","page","type-page","status-publish","hentry"],"aioseo_notices":[],"_links":{"self":[{"href":"https:\/\/cosmetic-zier.de\/index.php\/wp-json\/wp\/v2\/pages\/37","targetHints":{"allow":["GET"]}}],"collection":[{"href":"https:\/\/cosmetic-zier.de\/index.php\/wp-json\/wp\/v2\/pages"}],"about":[{"href":"https:\/\/cosmetic-zier.de\/index.php\/wp-json\/wp\/v2\/types\/page"}],"author":[{"embeddable":true,"href":"https:\/\/cosmetic-zier.de\/index.php\/wp-json\/wp\/v2\/users\/1"}],"replies":[{"embeddable":true,"href":"https:\/\/cosmetic-zier.de\/index.php\/wp-json\/wp\/v2\/comments?post=37"}],"version-history":[{"count":202,"href":"https:\/\/cosmetic-zier.de\/index.php\/wp-json\/wp\/v2\/pages\/37\/revisions"}],"predecessor-version":[{"id":2384,"href":"https:\/\/cosmetic-zier.de\/index.php\/wp-json\/wp\/v2\/pages\/37\/revisions\/2384"}],"wp:attachment":[{"href":"https:\/\/cosmetic-zier.de\/index.php\/wp-json\/wp\/v2\/media?parent=37"}],"curies":[{"name":"wp","href":"https:\/\/api.w.org\/{rel}","templated":true}]}}