{"id":47,"date":"2023-05-15T14:43:06","date_gmt":"2023-05-15T12:43:06","guid":{"rendered":"http:\/\/2023.cosmetic-zier.de\/?page_id=47"},"modified":"2023-11-21T14:44:51","modified_gmt":"2023-11-21T13:44:51","slug":"mikrodermabrasion","status":"publish","type":"page","link":"https:\/\/cosmetic-zier.de\/index.php\/leistungen\/mikrodermabrasion\/","title":{"rendered":"Mikrodermabrasion"},"content":{"rendered":"\t\t<div data-elementor-type=\"wp-page\" data-elementor-id=\"47\" class=\"elementor elementor-47\" data-elementor-post-type=\"page\">\n\t\t\t\t\t\t<section class=\"elementor-section elementor-top-section elementor-element elementor-element-21aeef86 elementor-section-full_width elementor-section-height-default elementor-section-height-default\" data-id=\"21aeef86\" data-element_type=\"section\">\n\t\t\t\t\t\t<div class=\"elementor-container elementor-column-gap-default\">\n\t\t\t\t\t<div class=\"elementor-column elementor-col-100 elementor-top-column elementor-element elementor-element-581ca94a\" data-id=\"581ca94a\" data-element_type=\"column\">\n\t\t\t<div class=\"elementor-widget-wrap elementor-element-populated\">\n\t\t\t\t\t\t<div class=\"elementor-element elementor-element-5b57cb35 elementor-widget elementor-widget-text-editor\" data-id=\"5b57cb35\" data-element_type=\"widget\" data-widget_type=\"text-editor.default\">\n\t\t\t\t\t\t\t\t\t<b>Mikrodermabrasion\u200b<\/b>\t\t\t\t\t\t\t\t<\/div>\n\t\t\t\t<div class=\"elementor-element elementor-element-7af1ab5e elementor-widget-divider--view-line elementor-widget elementor-widget-divider\" data-id=\"7af1ab5e\" data-element_type=\"widget\" data-settings=\"{&quot;motion_fx_motion_fx_scrolling&quot;:&quot;yes&quot;,&quot;motion_fx_translateX_effect&quot;:&quot;yes&quot;,&quot;motion_fx_translateX_direction&quot;:&quot;negative&quot;,&quot;motion_fx_translateX_speed&quot;:{&quot;unit&quot;:&quot;px&quot;,&quot;size&quot;:&quot;1.5&quot;,&quot;sizes&quot;:[]},&quot;motion_fx_devices&quot;:[&quot;desktop&quot;],&quot;motion_fx_translateX_affectedRange&quot;:{&quot;unit&quot;:&quot;%&quot;,&quot;size&quot;:&quot;&quot;,&quot;sizes&quot;:{&quot;start&quot;:0,&quot;end&quot;:100}}}\" data-widget_type=\"divider.default\">\n\t\t\t\t\t\t\t<div class=\"elementor-divider\">\n\t\t\t<span class=\"elementor-divider-separator\">\n\t\t\t\t\t\t<\/span>\n\t\t<\/div>\n\t\t\t\t\t\t<\/div>\n\t\t\t\t<div class=\"elementor-element elementor-element-53de8c1 elementor--h-position-right elementor--v-position-bottom elementor-pagination-position-outside elementor-widget elementor-widget-slides\" data-id=\"53de8c1\" data-element_type=\"widget\" data-settings=\"{&quot;navigation&quot;:&quot;dots&quot;,&quot;transition&quot;:&quot;fade&quot;,&quot;autoplay&quot;:&quot;yes&quot;,&quot;autoplay_speed&quot;:5000,&quot;infinite&quot;:&quot;yes&quot;,&quot;transition_speed&quot;:500}\" data-widget_type=\"slides.default\">\n\t\t\t\t\t\t\t\t\t\t<div class=\"elementor-slides-wrapper elementor-main-swiper swiper\" role=\"region\" aria-roledescription=\"carousel\" aria-label=\"Slider\" dir=\"ltr\" data-animation=\"\">\n\t\t\t\t<div class=\"swiper-wrapper elementor-slides\">\n\t\t\t\t\t\t\t\t\t\t<div class=\"elementor-repeater-item-348228a swiper-slide\" role=\"group\" aria-roledescription=\"slide\"><div class=\"swiper-slide-bg\" role=\"img\" aria-label=\"mikroabrasion_slider_\"><\/div><div class=\"swiper-slide-inner\" ><div class=\"swiper-slide-contents\"><\/div><\/div><\/div>\t\t\t\t<\/div>\n\t\t\t\t\t\t\t<\/div>\n\t\t\t\t\t\t\t\t<\/div>\n\t\t\t\t\t<\/div>\n\t\t<\/div>\n\t\t\t\t\t<\/div>\n\t\t<\/section>\n\t\t\t\t<section class=\"elementor-section elementor-top-section elementor-element elementor-element-6d380825 elementor-section-full_width elementor-section-height-min-height elementor-section-content-middle elementor-section-height-default elementor-section-items-middle\" data-id=\"6d380825\" data-element_type=\"section\">\n\t\t\t\t\t\t<div class=\"elementor-container elementor-column-gap-default\">\n\t\t\t\t\t<div class=\"elementor-column elementor-col-100 elementor-top-column elementor-element elementor-element-532265cf\" data-id=\"532265cf\" data-element_type=\"column\">\n\t\t\t<div class=\"elementor-widget-wrap elementor-element-populated\">\n\t\t\t\t\t\t<div class=\"elementor-element elementor-element-be25acf elementor-widget elementor-widget-text-editor\" data-id=\"be25acf\" data-element_type=\"widget\" data-widget_type=\"text-editor.default\">\n\t\t\t\t\t\t\t\t\t<p>Mikrodermabrasion \u2013 <br \/>mehr als ein Peeling<\/p>\t\t\t\t\t\t\t\t<\/div>\n\t\t\t\t<div class=\"elementor-element elementor-element-c909ed9 elementor-widget elementor-widget-text-editor\" data-id=\"c909ed9\" data-element_type=\"widget\" data-widget_type=\"text-editor.default\">\n\t\t\t\t\t\t\t\t\t<p>Erleben Sie die Wirkung der Mikroabrasion: Feinste Kristalle \u2013 gro\u00dfe Wirkung!<br \/>\u2013 Verfeinerung des Hautbildes<br \/>\u2028\u2013 Regt die Zellneubildung an<br \/>\u2028\u2013 Pflegewirkstoffe k\u00f6nnen effektiver wirken<br \/>\u2028\u2013 Spezialbehandlung bei Hautproblemen<br \/>\u2028\u2013 Ihre Haut wirkt klarer, frischer, j\u00fcnger!<\/p>\t\t\t\t\t\t\t\t<\/div>\n\t\t\t\t<div class=\"elementor-element elementor-element-8ad37ad elementor-widget elementor-widget-text-editor\" data-id=\"8ad37ad\" data-element_type=\"widget\" data-widget_type=\"text-editor.default\">\n\t\t\t\t\t\t\t\t\t<p><strong>Gesicht und Hals | 40,\u2013<\/strong><br \/>(zuz\u00fcglich klassischer Gesichtsbehandlung)<\/p>\t\t\t\t\t\t\t\t<\/div>\n\t\t\t\t\t<\/div>\n\t\t<\/div>\n\t\t\t\t\t<\/div>\n\t\t<\/section>\n\t\t\t\t<section class=\"elementor-section elementor-top-section elementor-element elementor-element-48637c5 elementor-section-boxed elementor-section-height-default elementor-section-height-default\" data-id=\"48637c5\" data-element_type=\"section\" data-settings=\"{&quot;background_background&quot;:&quot;classic&quot;}\">\n\t\t\t\t\t\t<div class=\"elementor-container elementor-column-gap-default\">\n\t\t\t\t\t<div class=\"elementor-column elementor-col-100 elementor-top-column elementor-element elementor-element-2effcfb\" data-id=\"2effcfb\" data-element_type=\"column\">\n\t\t\t<div class=\"elementor-widget-wrap elementor-element-populated\">\n\t\t\t\t\t\t<div class=\"elementor-element elementor-element-f8d6fa4 elementor-widget elementor-widget-text-editor\" data-id=\"f8d6fa4\" data-element_type=\"widget\" data-widget_type=\"text-editor.default\">\n\t\t\t\t\t\t\t\t\t<p><strong>UNSERE WEITEREN LEISTUNGEN F\u00dcR SIE<\/strong><\/p>\t\t\t\t\t\t\t\t<\/div>\n\t\t\t\t\t<\/div>\n\t\t<\/div>\n\t\t\t\t\t<\/div>\n\t\t<\/section>\n\t\t\t\t<section class=\"elementor-section elementor-top-section elementor-element elementor-element-2768abd elementor-section-content-top elementor-section-boxed elementor-section-height-default elementor-section-height-default\" data-id=\"2768abd\" data-element_type=\"section\" data-settings=\"{&quot;background_background&quot;:&quot;classic&quot;}\">\n\t\t\t\t\t\t<div class=\"elementor-container elementor-column-gap-extended\">\n\t\t\t\t\t<div class=\"elementor-column elementor-col-25 elementor-top-column elementor-element elementor-element-0ae5180\" data-id=\"0ae5180\" data-element_type=\"column\">\n\t\t\t<div class=\"elementor-widget-wrap elementor-element-populated\">\n\t\t\t\t\t\t<div class=\"elementor-element elementor-element-f7694bd elementor-widget elementor-widget-image\" data-id=\"f7694bd\" data-element_type=\"widget\" data-widget_type=\"image.default\">\n\t\t\t\t\t\t\t\t\t\t\t\t\t\t\t\t<a href=\"https:\/\/cosmetic-zier.de\/index.php\/leistungen\/verwoehnt-werden-und-geniessen\/\">\n\t\t\t\t\t\t\t<img fetchpriority=\"high\" decoding=\"async\" width=\"680\" height=\"450\" src=\"https:\/\/cosmetic-zier.de\/wp-content\/uploads\/2023\/05\/verwoehnt.jpg\" class=\"attachment-large size-large wp-image-291\" alt=\"\" srcset=\"https:\/\/cosmetic-zier.de\/wp-content\/uploads\/2023\/05\/verwoehnt.jpg 680w, https:\/\/cosmetic-zier.de\/wp-content\/uploads\/2023\/05\/verwoehnt-300x199.jpg 300w\" sizes=\"(max-width: 680px) 100vw, 680px\" \/>\t\t\t\t\t\t\t\t<\/a>\n\t\t\t\t\t\t\t\t\t\t\t\t\t\t\t<\/div>\n\t\t\t\t<div class=\"elementor-element elementor-element-ee9e51a elementor-widget elementor-widget-heading\" data-id=\"ee9e51a\" data-element_type=\"widget\" data-widget_type=\"heading.default\">\n\t\t\t\t\t<h2 class=\"elementor-heading-title elementor-size-default\"><a href=\"http:\/\/2023.cosmetic-zier.de\/index.php\/leistungen\/verwoehnt-werden-und-geniessen\/\">VERW\u00d6HNT WERDEN<\/br>UND GENIE\u00dfEN<\/a><\/h2>\t\t\t\t<\/div>\n\t\t\t\t\t<\/div>\n\t\t<\/div>\n\t\t\t\t<div class=\"elementor-column elementor-col-25 elementor-top-column elementor-element elementor-element-3db147a\" data-id=\"3db147a\" data-element_type=\"column\">\n\t\t\t<div class=\"elementor-widget-wrap elementor-element-populated\">\n\t\t\t\t\t\t<div class=\"elementor-element elementor-element-faefebe elementor-widget elementor-widget-image\" data-id=\"faefebe\" data-element_type=\"widget\" data-widget_type=\"image.default\">\n\t\t\t\t\t\t\t\t\t\t\t\t\t\t\t\t<a href=\"https:\/\/cosmetic-zier.de\/index.php\/leistungen\/der-kleine-luxus\/\">\n\t\t\t\t\t\t\t<img decoding=\"async\" width=\"680\" height=\"450\" src=\"https:\/\/cosmetic-zier.de\/wp-content\/uploads\/2023\/11\/luxus.jpg\" class=\"attachment-large size-large wp-image-2600\" alt=\"\" srcset=\"https:\/\/cosmetic-zier.de\/wp-content\/uploads\/2023\/11\/luxus.jpg 680w, https:\/\/cosmetic-zier.de\/wp-content\/uploads\/2023\/11\/luxus-300x199.jpg 300w\" sizes=\"(max-width: 680px) 100vw, 680px\" \/>\t\t\t\t\t\t\t\t<\/a>\n\t\t\t\t\t\t\t\t\t\t\t\t\t\t\t<\/div>\n\t\t\t\t<div class=\"elementor-element elementor-element-d490a28 elementor-widget elementor-widget-heading\" data-id=\"d490a28\" data-element_type=\"widget\" data-widget_type=\"heading.default\">\n\t\t\t\t\t<h2 class=\"elementor-heading-title elementor-size-default\"><a href=\"http:\/\/2023.cosmetic-zier.de\/index.php\/leistungen\/der-kleine-luxus\/\">DER KLEINE<\/br>LUXUS<\/a><\/h2>\t\t\t\t<\/div>\n\t\t\t\t\t<\/div>\n\t\t<\/div>\n\t\t\t\t<div class=\"elementor-column elementor-col-25 elementor-top-column elementor-element elementor-element-259eec4\" data-id=\"259eec4\" data-element_type=\"column\">\n\t\t\t<div class=\"elementor-widget-wrap elementor-element-populated\">\n\t\t\t\t\t\t<div class=\"elementor-element elementor-element-6118709 elementor-widget elementor-widget-image\" data-id=\"6118709\" data-element_type=\"widget\" data-widget_type=\"image.default\">\n\t\t\t\t\t\t\t\t\t\t\t\t\t\t\t\t<a href=\"https:\/\/cosmetic-zier.de\/index.php\/leistungen\/behandlung-fuer-den-mann\/\">\n\t\t\t\t\t\t\t<img decoding=\"async\" width=\"680\" height=\"450\" src=\"https:\/\/cosmetic-zier.de\/wp-content\/uploads\/2023\/06\/mann_cosmetic_zier_6.jpg\" class=\"attachment-large size-large wp-image-1492\" alt=\"\" srcset=\"https:\/\/cosmetic-zier.de\/wp-content\/uploads\/2023\/06\/mann_cosmetic_zier_6.jpg 680w, https:\/\/cosmetic-zier.de\/wp-content\/uploads\/2023\/06\/mann_cosmetic_zier_6-300x199.jpg 300w\" sizes=\"(max-width: 680px) 100vw, 680px\" \/>\t\t\t\t\t\t\t\t<\/a>\n\t\t\t\t\t\t\t\t\t\t\t\t\t\t\t<\/div>\n\t\t\t\t<div class=\"elementor-element elementor-element-52d38dd elementor-widget elementor-widget-heading\" data-id=\"52d38dd\" data-element_type=\"widget\" data-widget_type=\"heading.default\">\n\t\t\t\t\t<h2 class=\"elementor-heading-title elementor-size-default\"><a href=\"http:\/\/2023.cosmetic-zier.de\/index.php\/leistungen\/behandlung-fuer-den-mann\/\">BEHANDLUNGEN<\/br>F\u00dcR DEN MANN<\/a><\/h2>\t\t\t\t<\/div>\n\t\t\t\t\t<\/div>\n\t\t<\/div>\n\t\t\t\t<div class=\"elementor-column elementor-col-25 elementor-top-column elementor-element elementor-element-c92eb42\" data-id=\"c92eb42\" data-element_type=\"column\">\n\t\t\t<div class=\"elementor-widget-wrap elementor-element-populated\">\n\t\t\t\t\t\t<div class=\"elementor-element elementor-element-3f813fc elementor-widget elementor-widget-image\" data-id=\"3f813fc\" data-element_type=\"widget\" data-widget_type=\"image.default\">\n\t\t\t\t\t\t\t\t\t\t\t\t\t\t\t\t<a href=\"https:\/\/cosmetic-zier.de\/index.php\/leistungen\/von-kopf-bis-fuss\/\">\n\t\t\t\t\t\t\t<img loading=\"lazy\" decoding=\"async\" width=\"680\" height=\"450\" src=\"https:\/\/cosmetic-zier.de\/wp-content\/uploads\/2023\/05\/fuss.jpg\" class=\"attachment-large size-large wp-image-293\" alt=\"\" srcset=\"https:\/\/cosmetic-zier.de\/wp-content\/uploads\/2023\/05\/fuss.jpg 680w, https:\/\/cosmetic-zier.de\/wp-content\/uploads\/2023\/05\/fuss-300x199.jpg 300w\" sizes=\"(max-width: 680px) 100vw, 680px\" \/>\t\t\t\t\t\t\t\t<\/a>\n\t\t\t\t\t\t\t\t\t\t\t\t\t\t\t<\/div>\n\t\t\t\t<div class=\"elementor-element elementor-element-6549bc8 elementor-widget elementor-widget-heading\" data-id=\"6549bc8\" data-element_type=\"widget\" data-widget_type=\"heading.default\">\n\t\t\t\t\t<h2 class=\"elementor-heading-title elementor-size-default\"><a href=\"http:\/\/2023.cosmetic-zier.de\/index.php\/leistungen\/von-kopf-bis-fuss\/\">VON KOPF BIS FUSS<\/a><\/h2>\t\t\t\t<\/div>\n\t\t\t\t\t<\/div>\n\t\t<\/div>\n\t\t\t\t\t<\/div>\n\t\t<\/section>\n\t\t\t\t<\/div>\n\t\t","protected":false},"excerpt":{"rendered":"<p>Mikrodermabrasion\u200b Mikrodermabrasion \u2013 mehr als ein Peeling Erleben Sie die Wirkung der Mikroabrasion: Feinste Kristalle \u2013 gro\u00dfe Wirkung!\u2013 Verfeinerung des Hautbildes\u2028\u2013 Regt die Zellneubildung an\u2028\u2013 Pflegewirkstoffe k\u00f6nnen effektiver wirken\u2028\u2013 Spezialbehandlung bei Hautproblemen\u2028\u2013 Ihre Haut wirkt klarer, frischer, j\u00fcnger! Gesicht und Hals | 40,\u2013(zuz\u00fcglich klassischer Gesichtsbehandlung) UNSERE WEITEREN LEISTUNGEN F\u00dcR SIE VERW\u00d6HNT WERDENUND GENIE\u00dfEN DER KLEINELUXUS [&hellip;]<\/p>\n","protected":false},"author":1,"featured_media":0,"parent":39,"menu_order":0,"comment_status":"closed","ping_status":"closed","template":"","meta":{"footnotes":""},"class_list":["post-47","page","type-page","status-publish","hentry"],"aioseo_notices":[],"_links":{"self":[{"href":"https:\/\/cosmetic-zier.de\/index.php\/wp-json\/wp\/v2\/pages\/47","targetHints":{"allow":["GET"]}}],"collection":[{"href":"https:\/\/cosmetic-zier.de\/index.php\/wp-json\/wp\/v2\/pages"}],"about":[{"href":"https:\/\/cosmetic-zier.de\/index.php\/wp-json\/wp\/v2\/types\/page"}],"author":[{"embeddable":true,"href":"https:\/\/cosmetic-zier.de\/index.php\/wp-json\/wp\/v2\/users\/1"}],"replies":[{"embeddable":true,"href":"https:\/\/cosmetic-zier.de\/index.php\/wp-json\/wp\/v2\/comments?post=47"}],"version-history":[{"count":82,"href":"https:\/\/cosmetic-zier.de\/index.php\/wp-json\/wp\/v2\/pages\/47\/revisions"}],"predecessor-version":[{"id":2621,"href":"https:\/\/cosmetic-zier.de\/index.php\/wp-json\/wp\/v2\/pages\/47\/revisions\/2621"}],"up":[{"embeddable":true,"href":"https:\/\/cosmetic-zier.de\/index.php\/wp-json\/wp\/v2\/pages\/39"}],"wp:attachment":[{"href":"https:\/\/cosmetic-zier.de\/index.php\/wp-json\/wp\/v2\/media?parent=47"}],"curies":[{"name":"wp","href":"https:\/\/api.w.org\/{rel}","templated":true}]}}