{"id":49,"date":"2023-05-15T14:43:32","date_gmt":"2023-05-15T12:43:32","guid":{"rendered":"http:\/\/2023.cosmetic-zier.de\/?page_id=49"},"modified":"2024-12-19T10:44:25","modified_gmt":"2024-12-19T09:44:25","slug":"von-kopf-bis-fuss","status":"publish","type":"page","link":"https:\/\/cosmetic-zier.de\/index.php\/leistungen\/von-kopf-bis-fuss\/","title":{"rendered":"Von Kopf bis Fu\u00df"},"content":{"rendered":"\t\t<div data-elementor-type=\"wp-page\" data-elementor-id=\"49\" class=\"elementor elementor-49\" data-elementor-post-type=\"page\">\n\t\t\t\t\t\t<section class=\"elementor-section elementor-top-section elementor-element elementor-element-33b52818 elementor-section-full_width elementor-section-height-default elementor-section-height-default\" data-id=\"33b52818\" data-element_type=\"section\">\n\t\t\t\t\t\t<div class=\"elementor-container elementor-column-gap-default\">\n\t\t\t\t\t<div class=\"elementor-column elementor-col-100 elementor-top-column elementor-element elementor-element-70f0bda\" data-id=\"70f0bda\" data-element_type=\"column\">\n\t\t\t<div class=\"elementor-widget-wrap elementor-element-populated\">\n\t\t\t\t\t\t<div class=\"elementor-element elementor-element-469ac45a elementor-widget elementor-widget-text-editor\" data-id=\"469ac45a\" data-element_type=\"widget\" data-widget_type=\"text-editor.default\">\n\t\t\t\t\t\t\t\t\tVon<b> Kopf <\/b>bis <b>Fu\u00df<\/b>\t\t\t\t\t\t\t\t<\/div>\n\t\t\t\t<div class=\"elementor-element elementor-element-4fe9ce9d elementor-widget-divider--view-line elementor-widget elementor-widget-divider\" data-id=\"4fe9ce9d\" data-element_type=\"widget\" data-settings=\"{&quot;motion_fx_motion_fx_scrolling&quot;:&quot;yes&quot;,&quot;motion_fx_translateX_effect&quot;:&quot;yes&quot;,&quot;motion_fx_translateX_direction&quot;:&quot;negative&quot;,&quot;motion_fx_translateX_speed&quot;:{&quot;unit&quot;:&quot;px&quot;,&quot;size&quot;:&quot;1.5&quot;,&quot;sizes&quot;:[]},&quot;motion_fx_devices&quot;:[&quot;desktop&quot;],&quot;motion_fx_translateX_affectedRange&quot;:{&quot;unit&quot;:&quot;%&quot;,&quot;size&quot;:&quot;&quot;,&quot;sizes&quot;:{&quot;start&quot;:0,&quot;end&quot;:100}}}\" data-widget_type=\"divider.default\">\n\t\t\t\t\t\t\t<div class=\"elementor-divider\">\n\t\t\t<span class=\"elementor-divider-separator\">\n\t\t\t\t\t\t<\/span>\n\t\t<\/div>\n\t\t\t\t\t\t<\/div>\n\t\t\t\t<div class=\"elementor-element elementor-element-7f83d581 elementor--h-position-right elementor--v-position-bottom elementor-pagination-position-outside elementor-widget elementor-widget-slides\" data-id=\"7f83d581\" data-element_type=\"widget\" data-settings=\"{&quot;navigation&quot;:&quot;dots&quot;,&quot;transition&quot;:&quot;fade&quot;,&quot;autoplay&quot;:&quot;yes&quot;,&quot;autoplay_speed&quot;:5000,&quot;infinite&quot;:&quot;yes&quot;,&quot;transition_speed&quot;:500}\" data-widget_type=\"slides.default\">\n\t\t\t\t\t\t\t\t\t\t<div class=\"elementor-slides-wrapper elementor-main-swiper swiper\" role=\"region\" aria-roledescription=\"carousel\" aria-label=\"Slider\" dir=\"ltr\" data-animation=\"\">\n\t\t\t\t<div class=\"swiper-wrapper elementor-slides\">\n\t\t\t\t\t\t\t\t\t\t<div class=\"elementor-repeater-item-348228a swiper-slide\" role=\"group\" aria-roledescription=\"slide\"><div class=\"swiper-slide-bg\" role=\"img\" aria-label=\"allpresan\"><\/div><div class=\"swiper-slide-inner\" ><div class=\"swiper-slide-contents\"><\/div><\/div><\/div><div class=\"elementor-repeater-item-820574d swiper-slide\" role=\"group\" aria-roledescription=\"slide\"><div class=\"swiper-slide-bg\" role=\"img\" aria-label=\"aufsteller_maria_galland2\"><\/div><div class=\"swiper-slide-inner\" ><div class=\"swiper-slide-contents\"><\/div><\/div><\/div><div class=\"elementor-repeater-item-4f9dc86 swiper-slide\" role=\"group\" aria-roledescription=\"slide\"><div class=\"swiper-slide-bg\" role=\"img\" aria-label=\"garten_mit_stuhl\"><\/div><div class=\"swiper-slide-inner\" ><div class=\"swiper-slide-contents\"><\/div><\/div><\/div><div class=\"elementor-repeater-item-1f97c07 swiper-slide\" role=\"group\" aria-roledescription=\"slide\"><div class=\"swiper-slide-bg\" role=\"img\" aria-label=\"aufsteller_cosmetic_zier_5\"><\/div><div class=\"swiper-slide-inner\" ><div class=\"swiper-slide-contents\"><\/div><\/div><\/div>\t\t\t\t<\/div>\n\t\t\t\t\t\t\t\t\t\t\t\t\t\t\t\t\t\t\t\t<div class=\"swiper-pagination\"><\/div>\n\t\t\t\t\t\t\t\t\t\t\t\t<\/div>\n\t\t\t\t\t\t\t\t<\/div>\n\t\t\t\t\t<\/div>\n\t\t<\/div>\n\t\t\t\t\t<\/div>\n\t\t<\/section>\n\t\t\t\t<section class=\"elementor-section elementor-top-section elementor-element elementor-element-bd2ae94 elementor-section-full_width elementor-section-height-default elementor-section-height-default\" data-id=\"bd2ae94\" data-element_type=\"section\">\n\t\t\t\t\t\t<div class=\"elementor-container elementor-column-gap-default\">\n\t\t\t\t\t<div class=\"elementor-column elementor-col-100 elementor-top-column elementor-element elementor-element-df52956\" data-id=\"df52956\" data-element_type=\"column\">\n\t\t\t<div class=\"elementor-widget-wrap elementor-element-populated\">\n\t\t\t\t\t\t<div class=\"elementor-element elementor-element-b2d5e8d elementor-widget elementor-widget-heading\" data-id=\"b2d5e8d\" data-element_type=\"widget\" data-widget_type=\"heading.default\">\n\t\t\t\t\t<h2 class=\"elementor-heading-title elementor-size-default\">Sch\u00f6nheit und \u00c4sthetik<\/br>von Kopf bis Fu\u00df<\/h2>\t\t\t\t<\/div>\n\t\t\t\t\t<\/div>\n\t\t<\/div>\n\t\t\t\t\t<\/div>\n\t\t<\/section>\n\t\t\t\t<section class=\"elementor-section elementor-top-section elementor-element elementor-element-a94f7d1 elementor-section-full_width elementor-section-height-min-height elementor-section-content-middle elementor-section-height-default elementor-section-items-middle\" data-id=\"a94f7d1\" data-element_type=\"section\">\n\t\t\t\t\t\t<div class=\"elementor-container elementor-column-gap-default\">\n\t\t\t\t\t<div class=\"elementor-column elementor-col-100 elementor-top-column elementor-element elementor-element-f6d45eb\" data-id=\"f6d45eb\" data-element_type=\"column\">\n\t\t\t<div class=\"elementor-widget-wrap elementor-element-populated\">\n\t\t\t\t\t\t<div class=\"elementor-element elementor-element-cf795e6 elementor-widget elementor-widget-text-editor\" data-id=\"cf795e6\" data-element_type=\"widget\" data-widget_type=\"text-editor.default\">\n\t\t\t\t\t\t\t\t\t<p><strong>Augenpflege<\/strong><br \/>Augenbrauenkorrektur ab 10,\u2013\u2028<br \/>Augenbrauen f\u00e4rben 10,\u2013\u2028<br \/>Wimpern f\u00e4rben 15,\u2013\u2028<br \/>Wimpern und Augenbrauen f\u00e4rben 22,\u2013<\/p>\t\t\t\t\t\t\t\t<\/div>\n\t\t\t\t\t<\/div>\n\t\t<\/div>\n\t\t\t\t\t<\/div>\n\t\t<\/section>\n\t\t\t\t<section class=\"elementor-section elementor-top-section elementor-element elementor-element-9d9efa5 elementor-section-full_width elementor-section-height-min-height elementor-section-content-middle elementor-section-height-default elementor-section-items-middle\" data-id=\"9d9efa5\" data-element_type=\"section\">\n\t\t\t\t\t\t<div class=\"elementor-container elementor-column-gap-default\">\n\t\t\t\t\t<div class=\"elementor-column elementor-col-100 elementor-top-column elementor-element elementor-element-e8c8884\" data-id=\"e8c8884\" data-element_type=\"column\">\n\t\t\t<div class=\"elementor-widget-wrap elementor-element-populated\">\n\t\t\t\t\t\t<div class=\"elementor-element elementor-element-0fc2c0b elementor-widget elementor-widget-text-editor\" data-id=\"0fc2c0b\" data-element_type=\"widget\" data-widget_type=\"text-editor.default\">\n\t\t\t\t\t\t\t\t\t<p><strong>Handpflege<br \/><\/strong>Sch\u00f6nheitspflege der N\u00e4gel und H\u00e4nde \u2013 inklusive Handmassage 35,\u2013<\/p>\t\t\t\t\t\t\t\t<\/div>\n\t\t\t\t\t<\/div>\n\t\t<\/div>\n\t\t\t\t\t<\/div>\n\t\t<\/section>\n\t\t\t\t<section class=\"elementor-section elementor-top-section elementor-element elementor-element-398f09b elementor-section-full_width elementor-section-height-min-height elementor-section-content-middle elementor-section-height-default elementor-section-items-middle\" data-id=\"398f09b\" data-element_type=\"section\">\n\t\t\t\t\t\t<div class=\"elementor-container elementor-column-gap-default\">\n\t\t\t\t\t<div class=\"elementor-column elementor-col-100 elementor-top-column elementor-element elementor-element-cb756ff\" data-id=\"cb756ff\" data-element_type=\"column\">\n\t\t\t<div class=\"elementor-widget-wrap elementor-element-populated\">\n\t\t\t\t\t\t<div class=\"elementor-element elementor-element-afd15d3 elementor-widget elementor-widget-text-editor\" data-id=\"afd15d3\" data-element_type=\"widget\" data-widget_type=\"text-editor.default\">\n\t\t\t\t\t\t\t\t\t<p><strong>Lack\u2028<\/strong><br \/>Mehrschichtige Profilackierung 8,\u2013<br \/><br \/><\/p>\t\t\t\t\t\t\t\t<\/div>\n\t\t\t\t\t<\/div>\n\t\t<\/div>\n\t\t\t\t\t<\/div>\n\t\t<\/section>\n\t\t\t\t<section class=\"elementor-section elementor-top-section elementor-element elementor-element-d6b2d06 elementor-section-full_width elementor-section-height-min-height elementor-section-content-middle elementor-section-height-default elementor-section-items-middle\" data-id=\"d6b2d06\" data-element_type=\"section\">\n\t\t\t\t\t\t<div class=\"elementor-container elementor-column-gap-default\">\n\t\t\t\t\t<div class=\"elementor-column elementor-col-100 elementor-top-column elementor-element elementor-element-8a07374\" data-id=\"8a07374\" data-element_type=\"column\">\n\t\t\t<div class=\"elementor-widget-wrap elementor-element-populated\">\n\t\t\t\t\t\t<div class=\"elementor-element elementor-element-68eac61 elementor-widget elementor-widget-text-editor\" data-id=\"68eac61\" data-element_type=\"widget\" data-widget_type=\"text-editor.default\">\n\t\t\t\t\t\t\t\t\t<p><strong>Hand-Schaum-Behandlung\u2028<\/strong><br \/>Bodypeeling \u2013 ULTIM\u2018BOOST (Wirkstoffbooster) \u2028Anti-Aging Handbalsam \u2013 Schaummaske\u2028 inklusive Handmassage 30,\u2013<\/p>\t\t\t\t\t\t\t\t<\/div>\n\t\t\t\t\t<\/div>\n\t\t<\/div>\n\t\t\t\t\t<\/div>\n\t\t<\/section>\n\t\t\t\t<section class=\"elementor-section elementor-top-section elementor-element elementor-element-ccc8de0 elementor-section-full_width elementor-section-height-min-height elementor-section-content-middle elementor-section-height-default elementor-section-items-middle\" data-id=\"ccc8de0\" data-element_type=\"section\">\n\t\t\t\t\t\t<div class=\"elementor-container elementor-column-gap-default\">\n\t\t\t\t\t<div class=\"elementor-column elementor-col-100 elementor-top-column elementor-element elementor-element-b70f4a2\" data-id=\"b70f4a2\" data-element_type=\"column\">\n\t\t\t<div class=\"elementor-widget-wrap elementor-element-populated\">\n\t\t\t\t\t\t<div class=\"elementor-element elementor-element-d36f544 elementor-widget elementor-widget-text-editor\" data-id=\"d36f544\" data-element_type=\"widget\" data-widget_type=\"text-editor.default\">\n\t\t\t\t\t\t\t\t\t<p><strong>Medizinische Fu\u00dfpflege<br \/><\/strong>\u2028(In Verbindung mit einer kosmetischen Behandlung)<\/p><p>Pflege der F\u00fc\u00dfe mit Behandlung von Hornhaut, H\u00fchneraugen, <br \/>Problemn\u00e4geln etc., inklusive Fu\u00dfbad und <br \/>Fu\u00dfmassage mit Allpresan-Spezialschaum 45,\u2013<\/p>\t\t\t\t\t\t\t\t<\/div>\n\t\t\t\t\t<\/div>\n\t\t<\/div>\n\t\t\t\t\t<\/div>\n\t\t<\/section>\n\t\t\t\t<section class=\"elementor-section elementor-top-section elementor-element elementor-element-6bfd8ab elementor-section-full_width elementor-section-height-min-height elementor-section-content-middle elementor-section-height-default elementor-section-items-middle\" data-id=\"6bfd8ab\" data-element_type=\"section\">\n\t\t\t\t\t\t<div class=\"elementor-container elementor-column-gap-default\">\n\t\t\t\t\t<div class=\"elementor-column elementor-col-100 elementor-top-column elementor-element elementor-element-0873f64\" data-id=\"0873f64\" data-element_type=\"column\">\n\t\t\t<div class=\"elementor-widget-wrap elementor-element-populated\">\n\t\t\t\t\t\t<div class=\"elementor-element elementor-element-026f280 elementor-widget elementor-widget-text-editor\" data-id=\"026f280\" data-element_type=\"widget\" data-widget_type=\"text-editor.default\">\n\t\t\t\t\t\t\t\t\t<p><strong>Haarentfernung<br \/><\/strong>\u2028Unterschenkel 33,\u2013<br \/>Achseln 20,\u2013\u2028<br \/>Oberlippe 12,\u2013\u2028<\/p>\t\t\t\t\t\t\t\t<\/div>\n\t\t\t\t\t<\/div>\n\t\t<\/div>\n\t\t\t\t\t<\/div>\n\t\t<\/section>\n\t\t\t\t<section class=\"elementor-section elementor-top-section elementor-element elementor-element-fb8460b elementor-section-boxed elementor-section-height-default elementor-section-height-default\" data-id=\"fb8460b\" data-element_type=\"section\" data-settings=\"{&quot;background_background&quot;:&quot;classic&quot;}\">\n\t\t\t\t\t\t<div class=\"elementor-container elementor-column-gap-default\">\n\t\t\t\t\t<div class=\"elementor-column elementor-col-100 elementor-top-column elementor-element elementor-element-b784902\" data-id=\"b784902\" data-element_type=\"column\">\n\t\t\t<div class=\"elementor-widget-wrap elementor-element-populated\">\n\t\t\t\t\t\t<div class=\"elementor-element elementor-element-1bf5e8d elementor-widget elementor-widget-text-editor\" data-id=\"1bf5e8d\" data-element_type=\"widget\" data-widget_type=\"text-editor.default\">\n\t\t\t\t\t\t\t\t\t<p><strong>UNSERE WEITEREN LEISTUNGEN F\u00dcR SIE<\/strong><\/p>\t\t\t\t\t\t\t\t<\/div>\n\t\t\t\t\t<\/div>\n\t\t<\/div>\n\t\t\t\t\t<\/div>\n\t\t<\/section>\n\t\t\t\t<section class=\"elementor-section elementor-top-section elementor-element elementor-element-7e9dfaf elementor-section-content-top elementor-section-boxed elementor-section-height-default elementor-section-height-default\" data-id=\"7e9dfaf\" data-element_type=\"section\" data-settings=\"{&quot;background_background&quot;:&quot;classic&quot;}\">\n\t\t\t\t\t\t<div class=\"elementor-container elementor-column-gap-extended\">\n\t\t\t\t\t<div class=\"elementor-column elementor-col-25 elementor-top-column elementor-element elementor-element-3251134\" data-id=\"3251134\" data-element_type=\"column\">\n\t\t\t<div class=\"elementor-widget-wrap elementor-element-populated\">\n\t\t\t\t\t\t<div class=\"elementor-element elementor-element-49d9d68 elementor-widget elementor-widget-image\" data-id=\"49d9d68\" data-element_type=\"widget\" data-widget_type=\"image.default\">\n\t\t\t\t\t\t\t\t\t\t\t\t\t\t\t\t<a href=\"https:\/\/cosmetic-zier.de\/index.php\/leistungen\/verwoehnt-werden-und-geniessen\/\">\n\t\t\t\t\t\t\t<img fetchpriority=\"high\" decoding=\"async\" width=\"680\" height=\"450\" src=\"https:\/\/cosmetic-zier.de\/wp-content\/uploads\/2023\/05\/verwoehnt.jpg\" class=\"attachment-large size-large wp-image-291\" alt=\"\" srcset=\"https:\/\/cosmetic-zier.de\/wp-content\/uploads\/2023\/05\/verwoehnt.jpg 680w, https:\/\/cosmetic-zier.de\/wp-content\/uploads\/2023\/05\/verwoehnt-300x199.jpg 300w\" sizes=\"(max-width: 680px) 100vw, 680px\" \/>\t\t\t\t\t\t\t\t<\/a>\n\t\t\t\t\t\t\t\t\t\t\t\t\t\t\t<\/div>\n\t\t\t\t<div class=\"elementor-element elementor-element-68b1da9 elementor-widget elementor-widget-heading\" data-id=\"68b1da9\" data-element_type=\"widget\" data-widget_type=\"heading.default\">\n\t\t\t\t\t<h2 class=\"elementor-heading-title elementor-size-default\"><a href=\"http:\/\/2023.cosmetic-zier.de\/index.php\/leistungen\/verwoehnt-werden-und-geniessen\/\">VERW\u00d6HNT WERDEN<\/br>UND GENIE\u00dfEN<\/a><\/h2>\t\t\t\t<\/div>\n\t\t\t\t\t<\/div>\n\t\t<\/div>\n\t\t\t\t<div class=\"elementor-column elementor-col-25 elementor-top-column elementor-element elementor-element-d454980\" data-id=\"d454980\" data-element_type=\"column\">\n\t\t\t<div class=\"elementor-widget-wrap elementor-element-populated\">\n\t\t\t\t\t\t<div class=\"elementor-element elementor-element-2fe5f9a elementor-widget elementor-widget-image\" data-id=\"2fe5f9a\" data-element_type=\"widget\" data-widget_type=\"image.default\">\n\t\t\t\t\t\t\t\t\t\t\t\t\t\t\t\t<a href=\"https:\/\/cosmetic-zier.de\/index.php\/leistungen\/der-kleine-luxus\/\">\n\t\t\t\t\t\t\t<img decoding=\"async\" width=\"680\" height=\"450\" src=\"https:\/\/cosmetic-zier.de\/wp-content\/uploads\/2023\/11\/luxus.jpg\" class=\"attachment-large size-large wp-image-2600\" alt=\"\" srcset=\"https:\/\/cosmetic-zier.de\/wp-content\/uploads\/2023\/11\/luxus.jpg 680w, https:\/\/cosmetic-zier.de\/wp-content\/uploads\/2023\/11\/luxus-300x199.jpg 300w\" sizes=\"(max-width: 680px) 100vw, 680px\" \/>\t\t\t\t\t\t\t\t<\/a>\n\t\t\t\t\t\t\t\t\t\t\t\t\t\t\t<\/div>\n\t\t\t\t<div class=\"elementor-element elementor-element-598ee84 elementor-widget elementor-widget-heading\" data-id=\"598ee84\" data-element_type=\"widget\" data-widget_type=\"heading.default\">\n\t\t\t\t\t<h2 class=\"elementor-heading-title elementor-size-default\"><a href=\"http:\/\/2023.cosmetic-zier.de\/index.php\/leistungen\/der-kleine-luxus\/\">DER KLEINE<\/br>LUXUS<\/a><\/h2>\t\t\t\t<\/div>\n\t\t\t\t\t<\/div>\n\t\t<\/div>\n\t\t\t\t<div class=\"elementor-column elementor-col-25 elementor-top-column elementor-element elementor-element-03f9ef5\" data-id=\"03f9ef5\" data-element_type=\"column\">\n\t\t\t<div class=\"elementor-widget-wrap elementor-element-populated\">\n\t\t\t\t\t\t<div class=\"elementor-element elementor-element-7edc2a2 elementor-widget elementor-widget-image\" data-id=\"7edc2a2\" data-element_type=\"widget\" data-widget_type=\"image.default\">\n\t\t\t\t\t\t\t\t\t\t\t\t\t\t\t\t<a href=\"https:\/\/cosmetic-zier.de\/index.php\/leistungen\/behandlung-fuer-den-mann\/\">\n\t\t\t\t\t\t\t<img decoding=\"async\" width=\"680\" height=\"450\" src=\"https:\/\/cosmetic-zier.de\/wp-content\/uploads\/2023\/06\/mann_cosmetic_zier_6.jpg\" class=\"attachment-large size-large wp-image-1492\" alt=\"\" srcset=\"https:\/\/cosmetic-zier.de\/wp-content\/uploads\/2023\/06\/mann_cosmetic_zier_6.jpg 680w, https:\/\/cosmetic-zier.de\/wp-content\/uploads\/2023\/06\/mann_cosmetic_zier_6-300x199.jpg 300w\" sizes=\"(max-width: 680px) 100vw, 680px\" \/>\t\t\t\t\t\t\t\t<\/a>\n\t\t\t\t\t\t\t\t\t\t\t\t\t\t\t<\/div>\n\t\t\t\t<div class=\"elementor-element elementor-element-d21ee55 elementor-widget elementor-widget-heading\" data-id=\"d21ee55\" data-element_type=\"widget\" data-widget_type=\"heading.default\">\n\t\t\t\t\t<h2 class=\"elementor-heading-title elementor-size-default\"><a href=\"http:\/\/2023.cosmetic-zier.de\/index.php\/leistungen\/behandlung-fuer-den-mann\/\">BEHANDLUNGEN<\/br>F\u00dcR DEN MANN<\/a><\/h2>\t\t\t\t<\/div>\n\t\t\t\t\t<\/div>\n\t\t<\/div>\n\t\t\t\t<div class=\"elementor-column elementor-col-25 elementor-top-column elementor-element elementor-element-66e14fd\" data-id=\"66e14fd\" data-element_type=\"column\">\n\t\t\t<div class=\"elementor-widget-wrap elementor-element-populated\">\n\t\t\t\t\t\t<div class=\"elementor-element elementor-element-3d230b9 elementor-widget elementor-widget-image\" data-id=\"3d230b9\" data-element_type=\"widget\" data-widget_type=\"image.default\">\n\t\t\t\t\t\t\t\t\t\t\t\t\t\t\t\t<a href=\"https:\/\/cosmetic-zier.de\/index.php\/leistungen\/mikrodermabrasion\/\">\n\t\t\t\t\t\t\t<img loading=\"lazy\" decoding=\"async\" width=\"680\" height=\"450\" src=\"https:\/\/cosmetic-zier.de\/wp-content\/uploads\/2023\/06\/mikrodermabrasion_cosmetic_zier-1.jpg\" class=\"attachment-large size-large wp-image-1496\" alt=\"\" srcset=\"https:\/\/cosmetic-zier.de\/wp-content\/uploads\/2023\/06\/mikrodermabrasion_cosmetic_zier-1.jpg 680w, https:\/\/cosmetic-zier.de\/wp-content\/uploads\/2023\/06\/mikrodermabrasion_cosmetic_zier-1-300x199.jpg 300w\" sizes=\"(max-width: 680px) 100vw, 680px\" \/>\t\t\t\t\t\t\t\t<\/a>\n\t\t\t\t\t\t\t\t\t\t\t\t\t\t\t<\/div>\n\t\t\t\t<div class=\"elementor-element elementor-element-c0a7a72 elementor-widget elementor-widget-heading\" data-id=\"c0a7a72\" data-element_type=\"widget\" data-widget_type=\"heading.default\">\n\t\t\t\t\t<h2 class=\"elementor-heading-title elementor-size-default\"><a href=\"http:\/\/2023.cosmetic-zier.de\/index.php\/leistungen\/mikrodermabrasion\/\">MIKRODERMABRAISION<\/a><\/h2>\t\t\t\t<\/div>\n\t\t\t\t\t<\/div>\n\t\t<\/div>\n\t\t\t\t\t<\/div>\n\t\t<\/section>\n\t\t\t\t<\/div>\n\t\t","protected":false},"excerpt":{"rendered":"<p>Von Kopf bis Fu\u00df Sch\u00f6nheit und \u00c4sthetikvon Kopf bis Fu\u00df AugenpflegeAugenbrauenkorrektur ab 10,\u2013\u2028Augenbrauen f\u00e4rben 10,\u2013\u2028Wimpern f\u00e4rben 15,\u2013\u2028Wimpern und Augenbrauen f\u00e4rben 22,\u2013 HandpflegeSch\u00f6nheitspflege der N\u00e4gel und H\u00e4nde \u2013 inklusive Handmassage 35,\u2013 Lack\u2028Mehrschichtige Profilackierung 8,\u2013 Hand-Schaum-Behandlung\u2028Bodypeeling \u2013 ULTIM\u2018BOOST (Wirkstoffbooster) \u2028Anti-Aging Handbalsam \u2013 Schaummaske\u2028 inklusive Handmassage 30,\u2013 Medizinische Fu\u00dfpflege\u2028(In Verbindung mit einer kosmetischen Behandlung) Pflege der F\u00fc\u00dfe mit [&hellip;]<\/p>\n","protected":false},"author":1,"featured_media":0,"parent":39,"menu_order":0,"comment_status":"closed","ping_status":"closed","template":"","meta":{"footnotes":""},"class_list":["post-49","page","type-page","status-publish","hentry"],"aioseo_notices":[],"_links":{"self":[{"href":"https:\/\/cosmetic-zier.de\/index.php\/wp-json\/wp\/v2\/pages\/49","targetHints":{"allow":["GET"]}}],"collection":[{"href":"https:\/\/cosmetic-zier.de\/index.php\/wp-json\/wp\/v2\/pages"}],"about":[{"href":"https:\/\/cosmetic-zier.de\/index.php\/wp-json\/wp\/v2\/types\/page"}],"author":[{"embeddable":true,"href":"https:\/\/cosmetic-zier.de\/index.php\/wp-json\/wp\/v2\/users\/1"}],"replies":[{"embeddable":true,"href":"https:\/\/cosmetic-zier.de\/index.php\/wp-json\/wp\/v2\/comments?post=49"}],"version-history":[{"count":187,"href":"https:\/\/cosmetic-zier.de\/index.php\/wp-json\/wp\/v2\/pages\/49\/revisions"}],"predecessor-version":[{"id":2641,"href":"https:\/\/cosmetic-zier.de\/index.php\/wp-json\/wp\/v2\/pages\/49\/revisions\/2641"}],"up":[{"embeddable":true,"href":"https:\/\/cosmetic-zier.de\/index.php\/wp-json\/wp\/v2\/pages\/39"}],"wp:attachment":[{"href":"https:\/\/cosmetic-zier.de\/index.php\/wp-json\/wp\/v2\/media?parent=49"}],"curies":[{"name":"wp","href":"https:\/\/api.w.org\/{rel}","templated":true}]}}