{"id":53,"date":"2023-05-15T14:44:09","date_gmt":"2023-05-15T12:44:09","guid":{"rendered":"http:\/\/2023.cosmetic-zier.de\/?page_id=53"},"modified":"2023-06-28T13:02:58","modified_gmt":"2023-06-28T11:02:58","slug":"kontakt","status":"publish","type":"page","link":"https:\/\/cosmetic-zier.de\/index.php\/kontakt\/","title":{"rendered":"Kontakt"},"content":{"rendered":"\t\t<div data-elementor-type=\"wp-page\" data-elementor-id=\"53\" class=\"elementor elementor-53\" data-elementor-post-type=\"page\">\n\t\t\t\t\t\t<section class=\"elementor-section elementor-top-section elementor-element elementor-element-db719d9 elementor-section-full_width elementor-section-height-default elementor-section-height-default\" data-id=\"db719d9\" data-element_type=\"section\">\n\t\t\t\t\t\t<div class=\"elementor-container elementor-column-gap-default\">\n\t\t\t\t\t<div class=\"elementor-column elementor-col-100 elementor-top-column elementor-element elementor-element-93347d4\" data-id=\"93347d4\" data-element_type=\"column\">\n\t\t\t<div class=\"elementor-widget-wrap elementor-element-populated\">\n\t\t\t\t\t\t<div class=\"elementor-element elementor-element-0218502 elementor-widget elementor-widget-text-editor\" data-id=\"0218502\" data-element_type=\"widget\" data-widget_type=\"text-editor.default\">\n\t\t\t\t\t\t\t\t\t<p>KONTAKT<\/p>\t\t\t\t\t\t\t\t<\/div>\n\t\t\t\t<div class=\"elementor-element elementor-element-d43f3d3 elementor-widget-divider--view-line elementor-widget elementor-widget-divider\" data-id=\"d43f3d3\" data-element_type=\"widget\" data-settings=\"{&quot;motion_fx_motion_fx_scrolling&quot;:&quot;yes&quot;,&quot;motion_fx_translateX_effect&quot;:&quot;yes&quot;,&quot;motion_fx_translateX_direction&quot;:&quot;negative&quot;,&quot;motion_fx_translateX_speed&quot;:{&quot;unit&quot;:&quot;px&quot;,&quot;size&quot;:&quot;1.5&quot;,&quot;sizes&quot;:[]},&quot;motion_fx_devices&quot;:[&quot;desktop&quot;],&quot;motion_fx_translateX_affectedRange&quot;:{&quot;unit&quot;:&quot;%&quot;,&quot;size&quot;:&quot;&quot;,&quot;sizes&quot;:{&quot;start&quot;:0,&quot;end&quot;:100}}}\" data-widget_type=\"divider.default\">\n\t\t\t\t\t\t\t<div class=\"elementor-divider\">\n\t\t\t<span class=\"elementor-divider-separator\">\n\t\t\t\t\t\t<\/span>\n\t\t<\/div>\n\t\t\t\t\t\t<\/div>\n\t\t\t\t<div class=\"elementor-element elementor-element-4d8061e elementor--h-position-right elementor-pagination-position-outside elementor--v-position-middle elementor-widget elementor-widget-slides\" data-id=\"4d8061e\" data-element_type=\"widget\" data-settings=\"{&quot;navigation&quot;:&quot;dots&quot;,&quot;transition&quot;:&quot;fade&quot;,&quot;autoplay&quot;:&quot;yes&quot;,&quot;autoplay_speed&quot;:5000,&quot;infinite&quot;:&quot;yes&quot;,&quot;transition_speed&quot;:500}\" data-widget_type=\"slides.default\">\n\t\t\t\t\t\t\t\t\t\t<div class=\"elementor-slides-wrapper elementor-main-swiper swiper\" role=\"region\" aria-roledescription=\"carousel\" aria-label=\"Slider\" dir=\"ltr\" data-animation=\"\">\n\t\t\t\t<div class=\"swiper-wrapper elementor-slides\">\n\t\t\t\t\t\t\t\t\t\t<div class=\"elementor-repeater-item-18f8073 swiper-slide\" role=\"group\" aria-roledescription=\"slide\"><div class=\"swiper-slide-bg\" role=\"img\" aria-label=\"3kontakt_eingangschild_m_zier\"><\/div><div class=\"swiper-slide-inner\" ><div class=\"swiper-slide-contents\"><\/div><\/div><\/div><div class=\"elementor-repeater-item-63abad2 swiper-slide\" role=\"group\" aria-roledescription=\"slide\"><div class=\"swiper-slide-bg\" role=\"img\" aria-label=\"willkommen_cosmetic_zier\"><\/div><div class=\"swiper-slide-inner\" ><div class=\"swiper-slide-contents\"><\/div><\/div><\/div>\t\t\t\t<\/div>\n\t\t\t\t\t\t\t\t\t\t\t\t\t\t\t\t\t\t\t\t<div class=\"swiper-pagination\"><\/div>\n\t\t\t\t\t\t\t\t\t\t\t\t<\/div>\n\t\t\t\t\t\t\t\t<\/div>\n\t\t\t\t\t<\/div>\n\t\t<\/div>\n\t\t\t\t\t<\/div>\n\t\t<\/section>\n\t\t\t\t<section class=\"elementor-section elementor-top-section elementor-element elementor-element-b452dbf elementor-section-full_width elementor-section-height-min-height elementor-section-content-middle elementor-section-height-default elementor-section-items-middle\" data-id=\"b452dbf\" data-element_type=\"section\">\n\t\t\t\t\t\t<div class=\"elementor-container elementor-column-gap-default\">\n\t\t\t\t\t<div class=\"elementor-column elementor-col-100 elementor-top-column elementor-element elementor-element-2950e61d\" data-id=\"2950e61d\" data-element_type=\"column\">\n\t\t\t<div class=\"elementor-widget-wrap elementor-element-populated\">\n\t\t\t\t\t\t<div class=\"elementor-element elementor-element-10f567a elementor-widget elementor-widget-text-editor\" data-id=\"10f567a\" data-element_type=\"widget\" data-widget_type=\"text-editor.default\">\n\t\t\t\t\t\t\t\t\t<p>Termin vereinbaren<\/p>\t\t\t\t\t\t\t\t<\/div>\n\t\t\t\t<div class=\"elementor-element elementor-element-53a5e20f elementor-widget elementor-widget-text-editor\" data-id=\"53a5e20f\" data-element_type=\"widget\" data-widget_type=\"text-editor.default\">\n\t\t\t\t\t\t\t\t\t<p>Verehrte Kunden, w\u00e4hrend der Behandlung gehe ich nicht ans Telefon.<\/p><p>Bitte hinterlassen Sie Ihren Namen, Ihre Telefonnummer, Ihren Terminwunsch und Ihre zeitliche Erreichbarkeit.<\/p><p>Ich werde Sie baldm\u00f6glichst zur\u00fcckrufen.<\/p>\t\t\t\t\t\t\t\t<\/div>\n\t\t\t\t\t<\/div>\n\t\t<\/div>\n\t\t\t\t\t<\/div>\n\t\t<\/section>\n\t\t\t\t<section class=\"elementor-section elementor-top-section elementor-element elementor-element-7852438 elementor-section-full_width elementor-section-height-min-height elementor-section-content-middle elementor-section-height-default elementor-section-items-middle\" data-id=\"7852438\" data-element_type=\"section\">\n\t\t\t\t\t\t<div class=\"elementor-container elementor-column-gap-default\">\n\t\t\t\t\t<div class=\"elementor-column elementor-col-100 elementor-top-column elementor-element elementor-element-a56208a\" data-id=\"a56208a\" data-element_type=\"column\">\n\t\t\t<div class=\"elementor-widget-wrap elementor-element-populated\">\n\t\t\t\t\t\t<div class=\"elementor-element elementor-element-1997a15 elementor-widget elementor-widget-text-editor\" data-id=\"1997a15\" data-element_type=\"widget\" data-widget_type=\"text-editor.default\">\n\t\t\t\t\t\t\t\t\t<p><strong>TELEFON<\/strong><\/p><p>0951 \/ 18 58 22 01<\/p>\t\t\t\t\t\t\t\t<\/div>\n\t\t\t\t<div class=\"elementor-element elementor-element-e02d371 elementor-widget elementor-widget-text-editor\" data-id=\"e02d371\" data-element_type=\"widget\" data-widget_type=\"text-editor.default\">\n\t\t\t\t\t\t\t\t\t<p><strong>EMAIL<\/strong><\/p><p><a href=\"mailto:info@cosmetic-zier.de\">info@cosmetic-zier.de<\/a><\/p>\t\t\t\t\t\t\t\t<\/div>\n\t\t\t\t<div class=\"elementor-element elementor-element-fecec16 elementor-view-default elementor-widget elementor-widget-icon\" data-id=\"fecec16\" data-element_type=\"widget\" data-widget_type=\"icon.default\">\n\t\t\t\t\t\t\t<div class=\"elementor-icon-wrapper\">\n\t\t\t<a class=\"elementor-icon\" href=\"https:\/\/www.facebook.com\/profile.php?id=100054268790785\" target=\"_blank\">\n\t\t\t<svg aria-hidden=\"true\" class=\"e-font-icon-svg e-fab-facebook\" viewBox=\"0 0 512 512\" xmlns=\"http:\/\/www.w3.org\/2000\/svg\"><path d=\"M504 256C504 119 393 8 256 8S8 119 8 256c0 123.78 90.69 226.38 209.25 245V327.69h-63V256h63v-54.64c0-62.15 37-96.48 93.67-96.48 27.14 0 55.52 4.84 55.52 4.84v61h-31.28c-30.8 0-40.41 19.12-40.41 38.73V256h68.78l-11 71.69h-57.78V501C413.31 482.38 504 379.78 504 256z\"><\/path><\/svg>\t\t\t<\/a>\n\t\t<\/div>\n\t\t\t\t\t\t<\/div>\n\t\t\t\t\t<\/div>\n\t\t<\/div>\n\t\t\t\t\t<\/div>\n\t\t<\/section>\n\t\t\t\t<section class=\"elementor-section elementor-top-section elementor-element elementor-element-518229a8 elementor-section-full_width elementor-section-height-min-height elementor-section-content-middle elementor-section-height-default elementor-section-items-middle\" data-id=\"518229a8\" data-element_type=\"section\">\n\t\t\t\t\t\t<div class=\"elementor-container elementor-column-gap-default\">\n\t\t\t\t\t<div class=\"elementor-column elementor-col-100 elementor-top-column elementor-element elementor-element-4bd60595\" data-id=\"4bd60595\" data-element_type=\"column\">\n\t\t\t<div class=\"elementor-widget-wrap elementor-element-populated\">\n\t\t\t\t\t\t<div class=\"elementor-element elementor-element-2e0fd1c elementor-widget elementor-widget-text-editor\" data-id=\"2e0fd1c\" data-element_type=\"widget\" data-widget_type=\"text-editor.default\">\n\t\t\t\t\t\t\t\t\t<p>Hier finden Sie uns<\/p>\t\t\t\t\t\t\t\t<\/div>\n\t\t\t\t<div class=\"elementor-element elementor-element-1006b2df elementor-widget elementor-widget-text-editor\" data-id=\"1006b2df\" data-element_type=\"widget\" data-widget_type=\"text-editor.default\">\n\t\t\t\t\t\t\t\t\t<p>In der Mayerschen G\u00e4rtnerei<br \/>Maria-Ward-Stra\u00dfe 182<br \/>96047 Bamberg<\/p><p><strong>Parkpl\u00e4tze finden Sie am Ende der Maria-Ward-Stra\u00dfe<\/strong><\/p>\t\t\t\t\t\t\t\t<\/div>\n\t\t\t\t\t<\/div>\n\t\t<\/div>\n\t\t\t\t\t<\/div>\n\t\t<\/section>\n\t\t\t\t<section class=\"elementor-section elementor-top-section elementor-element elementor-element-1abf9d7 elementor-section-full_width elementor-section-height-default elementor-section-height-default\" data-id=\"1abf9d7\" data-element_type=\"section\">\n\t\t\t\t\t\t<div class=\"elementor-container elementor-column-gap-default\">\n\t\t\t\t\t<div class=\"elementor-column elementor-col-100 elementor-top-column elementor-element elementor-element-a54954d\" data-id=\"a54954d\" data-element_type=\"column\">\n\t\t\t<div class=\"elementor-widget-wrap elementor-element-populated\">\n\t\t\t\t\t\t<div class=\"elementor-element elementor-element-44b691b elementor-widget elementor-widget-image\" data-id=\"44b691b\" data-element_type=\"widget\" data-widget_type=\"image.default\">\n\t\t\t\t\t\t\t\t\t\t\t\t\t\t\t\t<a href=\"https:\/\/www.google.com\/maps\/d\/u\/0\/edit?mid=1wwE4NhiHlJG0ZiHNbntxBtLKUik&#038;ll=49.90282243504987%2C10.872763371163963&#038;z=16\" target=\"_blank\">\n\t\t\t\t\t\t\t<img fetchpriority=\"high\" decoding=\"async\" width=\"1718\" height=\"790\" src=\"https:\/\/cosmetic-zier.de\/wp-content\/uploads\/2023\/05\/anfahrt_cosmetic_zier_bamberg.jpg\" class=\"attachment-full size-full wp-image-427\" alt=\"\" srcset=\"https:\/\/cosmetic-zier.de\/wp-content\/uploads\/2023\/05\/anfahrt_cosmetic_zier_bamberg.jpg 1718w, https:\/\/cosmetic-zier.de\/wp-content\/uploads\/2023\/05\/anfahrt_cosmetic_zier_bamberg-300x138.jpg 300w, https:\/\/cosmetic-zier.de\/wp-content\/uploads\/2023\/05\/anfahrt_cosmetic_zier_bamberg-1024x471.jpg 1024w, https:\/\/cosmetic-zier.de\/wp-content\/uploads\/2023\/05\/anfahrt_cosmetic_zier_bamberg-768x353.jpg 768w, https:\/\/cosmetic-zier.de\/wp-content\/uploads\/2023\/05\/anfahrt_cosmetic_zier_bamberg-1536x706.jpg 1536w\" sizes=\"(max-width: 1718px) 100vw, 1718px\" \/>\t\t\t\t\t\t\t\t<\/a>\n\t\t\t\t\t\t\t\t\t\t\t\t\t\t\t<\/div>\n\t\t\t\t\t<\/div>\n\t\t<\/div>\n\t\t\t\t\t<\/div>\n\t\t<\/section>\n\t\t\t\t<\/div>\n\t\t","protected":false},"excerpt":{"rendered":"<p>KONTAKT Termin vereinbaren Verehrte Kunden, w\u00e4hrend der Behandlung gehe ich nicht ans Telefon. Bitte hinterlassen Sie Ihren Namen, Ihre Telefonnummer, Ihren Terminwunsch und Ihre zeitliche Erreichbarkeit. Ich werde Sie baldm\u00f6glichst zur\u00fcckrufen. TELEFON 0951 \/ 18 58 22 01 EMAIL info@cosmetic-zier.de Hier finden Sie uns In der Mayerschen G\u00e4rtnereiMaria-Ward-Stra\u00dfe 18296047 Bamberg Parkpl\u00e4tze finden Sie am Ende [&hellip;]<\/p>\n","protected":false},"author":1,"featured_media":0,"parent":0,"menu_order":0,"comment_status":"closed","ping_status":"closed","template":"","meta":{"footnotes":""},"class_list":["post-53","page","type-page","status-publish","hentry"],"aioseo_notices":[],"_links":{"self":[{"href":"https:\/\/cosmetic-zier.de\/index.php\/wp-json\/wp\/v2\/pages\/53","targetHints":{"allow":["GET"]}}],"collection":[{"href":"https:\/\/cosmetic-zier.de\/index.php\/wp-json\/wp\/v2\/pages"}],"about":[{"href":"https:\/\/cosmetic-zier.de\/index.php\/wp-json\/wp\/v2\/types\/page"}],"author":[{"embeddable":true,"href":"https:\/\/cosmetic-zier.de\/index.php\/wp-json\/wp\/v2\/users\/1"}],"replies":[{"embeddable":true,"href":"https:\/\/cosmetic-zier.de\/index.php\/wp-json\/wp\/v2\/comments?post=53"}],"version-history":[{"count":115,"href":"https:\/\/cosmetic-zier.de\/index.php\/wp-json\/wp\/v2\/pages\/53\/revisions"}],"predecessor-version":[{"id":2441,"href":"https:\/\/cosmetic-zier.de\/index.php\/wp-json\/wp\/v2\/pages\/53\/revisions\/2441"}],"wp:attachment":[{"href":"https:\/\/cosmetic-zier.de\/index.php\/wp-json\/wp\/v2\/media?parent=53"}],"curies":[{"name":"wp","href":"https:\/\/api.w.org\/{rel}","templated":true}]}}