{"id":55,"date":"2023-05-15T14:44:22","date_gmt":"2023-05-15T12:44:22","guid":{"rendered":"http:\/\/2023.cosmetic-zier.de\/?page_id=55"},"modified":"2023-06-28T12:47:15","modified_gmt":"2023-06-28T10:47:15","slug":"impressum","status":"publish","type":"page","link":"https:\/\/cosmetic-zier.de\/index.php\/impressum\/","title":{"rendered":"Impressum"},"content":{"rendered":"\t\t<div data-elementor-type=\"wp-page\" data-elementor-id=\"55\" class=\"elementor elementor-55\" data-elementor-post-type=\"page\">\n\t\t\t\t\t\t<section class=\"elementor-section elementor-top-section elementor-element elementor-element-7f30e82f elementor-section-full_width elementor-section-height-default elementor-section-height-default\" data-id=\"7f30e82f\" data-element_type=\"section\">\n\t\t\t\t\t\t<div class=\"elementor-container elementor-column-gap-default\">\n\t\t\t\t\t<div class=\"elementor-column elementor-col-100 elementor-top-column elementor-element elementor-element-6ce03860\" data-id=\"6ce03860\" data-element_type=\"column\">\n\t\t\t<div class=\"elementor-widget-wrap elementor-element-populated\">\n\t\t\t\t\t\t<div class=\"elementor-element elementor-element-32246aa1 elementor-widget elementor-widget-heading\" data-id=\"32246aa1\" data-element_type=\"widget\" data-widget_type=\"heading.default\">\n\t\t\t\t\t<h1 class=\"elementor-heading-title elementor-size-default\">IMPRESSUM\u200b<\/h1>\t\t\t\t<\/div>\n\t\t\t\t<div class=\"elementor-element elementor-element-7341d65e elementor-widget-divider--view-line elementor-widget elementor-widget-divider\" data-id=\"7341d65e\" data-element_type=\"widget\" data-settings=\"{&quot;motion_fx_motion_fx_scrolling&quot;:&quot;yes&quot;,&quot;motion_fx_translateX_effect&quot;:&quot;yes&quot;,&quot;motion_fx_translateX_direction&quot;:&quot;negative&quot;,&quot;motion_fx_translateX_speed&quot;:{&quot;unit&quot;:&quot;px&quot;,&quot;size&quot;:&quot;1.5&quot;,&quot;sizes&quot;:[]},&quot;motion_fx_devices&quot;:[&quot;desktop&quot;],&quot;motion_fx_translateX_affectedRange&quot;:{&quot;unit&quot;:&quot;%&quot;,&quot;size&quot;:&quot;&quot;,&quot;sizes&quot;:{&quot;start&quot;:0,&quot;end&quot;:100}}}\" data-widget_type=\"divider.default\">\n\t\t\t\t\t\t\t<div class=\"elementor-divider\">\n\t\t\t<span class=\"elementor-divider-separator\">\n\t\t\t\t\t\t<\/span>\n\t\t<\/div>\n\t\t\t\t\t\t<\/div>\n\t\t\t\t\t<\/div>\n\t\t<\/div>\n\t\t\t\t\t<\/div>\n\t\t<\/section>\n\t\t\t\t<section class=\"elementor-section elementor-top-section elementor-element elementor-element-5ecee470 elementor-section-full_width elementor-section-height-default elementor-section-height-default\" data-id=\"5ecee470\" data-element_type=\"section\">\n\t\t\t\t\t\t<div class=\"elementor-container elementor-column-gap-default\">\n\t\t\t\t\t<div class=\"elementor-column elementor-col-100 elementor-top-column elementor-element elementor-element-5b837acf\" data-id=\"5b837acf\" data-element_type=\"column\">\n\t\t\t<div class=\"elementor-widget-wrap elementor-element-populated\">\n\t\t\t\t\t\t<div class=\"elementor-element elementor-element-734b4302 elementor-widget elementor-widget-image\" data-id=\"734b4302\" data-element_type=\"widget\" data-widget_type=\"image.default\">\n\t\t\t\t\t\t\t\t\t\t\t\t\t\t\t<img fetchpriority=\"high\" decoding=\"async\" width=\"1718\" height=\"790\" src=\"https:\/\/cosmetic-zier.de\/wp-content\/uploads\/2023\/06\/impressum_elefanten_m_zier.jpg\" class=\"attachment-full size-full wp-image-1428\" alt=\"\" srcset=\"https:\/\/cosmetic-zier.de\/wp-content\/uploads\/2023\/06\/impressum_elefanten_m_zier.jpg 1718w, https:\/\/cosmetic-zier.de\/wp-content\/uploads\/2023\/06\/impressum_elefanten_m_zier-300x138.jpg 300w, https:\/\/cosmetic-zier.de\/wp-content\/uploads\/2023\/06\/impressum_elefanten_m_zier-1024x471.jpg 1024w, https:\/\/cosmetic-zier.de\/wp-content\/uploads\/2023\/06\/impressum_elefanten_m_zier-768x353.jpg 768w, https:\/\/cosmetic-zier.de\/wp-content\/uploads\/2023\/06\/impressum_elefanten_m_zier-1536x706.jpg 1536w\" sizes=\"(max-width: 1718px) 100vw, 1718px\" \/>\t\t\t\t\t\t\t\t\t\t\t\t\t\t\t<\/div>\n\t\t\t\t\t<\/div>\n\t\t<\/div>\n\t\t\t\t\t<\/div>\n\t\t<\/section>\n\t\t\t\t<section class=\"elementor-section elementor-top-section elementor-element elementor-element-4eaa277d elementor-section-full_width elementor-section-height-min-height elementor-section-content-middle elementor-section-height-default elementor-section-items-middle\" data-id=\"4eaa277d\" data-element_type=\"section\">\n\t\t\t\t\t\t<div class=\"elementor-container elementor-column-gap-default\">\n\t\t\t\t\t<div class=\"elementor-column elementor-col-100 elementor-top-column elementor-element elementor-element-21165367\" data-id=\"21165367\" data-element_type=\"column\">\n\t\t\t<div class=\"elementor-widget-wrap elementor-element-populated\">\n\t\t\t\t\t\t<div class=\"elementor-element elementor-element-60071714 elementor-widget elementor-widget-text-editor\" data-id=\"60071714\" data-element_type=\"widget\" data-widget_type=\"text-editor.default\">\n\t\t\t\t\t\t\t\t\t<p class=\"fliess\">Angaben gem\u00e4\u00df \u00a7 5 TMG:<\/p>\t\t\t\t\t\t\t\t<\/div>\n\t\t\t\t<div class=\"elementor-element elementor-element-4491f3e elementor-widget elementor-widget-text-editor\" data-id=\"4491f3e\" data-element_type=\"widget\" data-widget_type=\"text-editor.default\">\n\t\t\t\t\t\t\t\t\t<p class=\"fliess\"><strong>Angaben gem\u00e4\u00df \u00a7 5 TMG:<\/strong><\/p><p><strong>cosmetic marlene zier<\/strong><br class=\"\u201cclear\u201c\" \/><span class=\"Stil6\">In der Mayerschen G\u00e4rtnerei<br \/>Maria-Ward-Stra\u00dfe 182<br class=\"\u201cclear\u201c\" \/>96047 Bamberg<br class=\"\u201cclear\u201c\" \/><\/span><\/p><p><strong>Inhaberin:<\/strong><br \/>Marlene Zier<\/p><p><strong>Kontakt:<\/strong><br \/>Telefon 0951 \/ 18 58 22 01<br class=\"\u201cclear\u201c\" \/><span class=\"Stil6\"><a class=\"Stil7\" href=\"mailto:info@cosmetic-zier.de\">info@cosmetic-zier.de<\/a><\/span><\/p><p><span class=\"Stil6\">Termine nach telefonischer Vereinbarung.<br \/>Auch abends und samstags.<br \/>Alle Preise sind in Euro angegeben.<br \/><\/span><\/p><p><strong>Umsatzsteuer:<\/strong><br \/>Umsatzsteuer-Identifikationsnummer gem\u00e4\u00df \u00a727 a Umsatzsteuergesetz: DE 267 341 447<\/p><p><strong>Berufsbezeichnung und berufsrechtliche Regelungen:<br \/><\/strong>Berufsbezeichnung: Kosmetikerin und medizinische Fu\u00dfpflegerin<br \/>Zust\u00e4ndige Kammer: Handwerkskammer Oberfranken, Sitz Bayreuth<br \/>Verliehen durch: Bamberger Berufsfachschule f\u00fcr Kosmetik<\/p><p><strong>Design | technische Umsetzung:<\/strong><br class=\"\u201cclear\u201c\" \/><a href=\"http:\/\/www.art-media.de\" target=\"_blank\" rel=\"noopener noreferrer\"> artmedia werbeagentur<\/a><\/p><p><strong>Bilder:<\/strong><br class=\"\u201cclear\u201c\" \/><a href=\"http:\/\/www.maria-galland.de\" target=\"_blank\" rel=\"noopener noreferrer\"> Maria Galland<\/a><br \/><a href=\"http:\/\/art-media.de\/\" target=\"_blank\" rel=\"noopener\">artmedia<\/a><br \/>privat<\/p><p><strong>Verantwortlich fu\u0308r den Inhalt nach \u00a7 55 Abs. 2 RStV:<\/strong><br \/>Marlene Zier<\/p><p><strong>Haftungsausschluss (Disclaimer)<\/strong><br \/><br class=\"clear\" \/><strong>Haftung f\u00fcr Inhalte<\/strong><br \/>Als Diensteanbieter sind wir gem\u00e4\u00df \u00a7 7 Abs.1 TMG f\u00fcr eigene Inhalte auf diesen Seiten nach den allgemeinen Gesetzen verantwortlich. Nach \u00a7\u00a7 8 bis 10 TMG sind wir als Diensteanbieter jedoch nicht verpflichtet, \u00fcbermittelte oder gespeicherte fremde Informationen zu \u00fcberwachen oder nach Umst\u00e4nden zu forschen, die auf eine rechtswidrige T\u00e4tigkeit hinweisen.<br \/>Verpflichtungen zur Entfernung oder Sperrung der Nutzung von Informationen nach den allgemeinen Gesetzen bleiben hiervon unber\u00fchrt. Eine diesbez\u00fcgliche Haftung ist jedoch erst ab dem Zeitpunkt der Kenntnis einer konkreten Rechtsverletzung m\u00f6glich. Bei Bekanntwerden von entsprechenden Rechtsverletzungen werden wir diese Inhalte umgehend entfernen.<br \/><br class=\"clear\" \/><strong>Haftung f\u00fcr Links<\/strong><br \/>Unser Angebot enth\u00e4lt Links zu externen Websites Dritter, auf deren Inhalte wir keinen Einfluss haben. Deshalb k\u00f6nnen wir f\u00fcr diese fremden Inhalte auch keine Gew\u00e4hr \u00fcbernehmen. F\u00fcr die Inhalte der verlinkten Seiten ist stets der jeweilige Anbieter oder Betreiber der Seiten verantwortlich. Die verlinkten Seiten wurden zum Zeitpunkt der Verlinkung auf m\u00f6gliche Rechtsverst\u00f6\u00dfe \u00fcberpr\u00fcft. Rechtswidrige Inhalte waren zum Zeitpunkt der Verlinkung nicht erkennbar.<br \/>Eine permanente inhaltliche Kontrolle der verlinkten Seiten ist jedoch ohne konkrete Anhaltspunkte einer Rechtsverletzung nicht zumutbar. Bei Bekanntwerden von Rechtsverletzungen werden wir derartige Links umgehend entfernen.<br \/><br class=\"clear\" \/><strong>Urheberrecht<\/strong><br \/>Die durch die Seitenbetreiber erstellten Inhalte und Werke auf diesen Seiten unterliegen dem deutschen Urheberrecht. Die Vervielf\u00e4ltigung, Bearbeitung, Verbreitung und jede Art der Verwertung au\u00dferhalb der Grenzen des Urheberrechtes bed\u00fcrfen der schriftlichen Zustimmung des jeweiligen Autors bzw. Erstellers. Downloads und Kopien dieser Seite sind nur f\u00fcr den privaten, nicht kommerziellen Gebrauch gestattet.<br \/>Soweit die Inhalte auf dieser Seite nicht vom Betreiber erstellt wurden, werden die Urheberrechte Dritter beachtet. Insbesondere werden Inhalte Dritter als solche gekennzeichnet. Sollten Sie trotzdem auf eine Urheberrechtsverletzung aufmerksam werden, bitten wir um einen entsprechenden Hinweis. Bei Bekanntwerden von Rechtsverletzungen werden wir derartige Inhalte umgehend entfernen.<br \/><br class=\"clear\" \/><i>Quelle: <a href=\"https:\/\/www.e-recht24.de\">https:\/\/www.e-recht24.de<\/a><\/i><\/p>\t\t\t\t\t\t\t\t<\/div>\n\t\t\t\t\t<\/div>\n\t\t<\/div>\n\t\t\t\t\t<\/div>\n\t\t<\/section>\n\t\t\t\t<\/div>\n\t\t","protected":false},"excerpt":{"rendered":"<p>IMPRESSUM\u200b Angaben gem\u00e4\u00df \u00a7 5 TMG: Angaben gem\u00e4\u00df \u00a7 5 TMG: cosmetic marlene zierIn der Mayerschen G\u00e4rtnereiMaria-Ward-Stra\u00dfe 18296047 Bamberg Inhaberin:Marlene Zier Kontakt:Telefon 0951 \/ 18 58 22 01info@cosmetic-zier.de Termine nach telefonischer Vereinbarung.Auch abends und samstags.Alle Preise sind in Euro angegeben. Umsatzsteuer:Umsatzsteuer-Identifikationsnummer gem\u00e4\u00df \u00a727 a Umsatzsteuergesetz: DE 267 341 447 Berufsbezeichnung und berufsrechtliche Regelungen:Berufsbezeichnung: Kosmetikerin und [&hellip;]<\/p>\n","protected":false},"author":1,"featured_media":0,"parent":0,"menu_order":0,"comment_status":"closed","ping_status":"closed","template":"","meta":{"footnotes":""},"class_list":["post-55","page","type-page","status-publish","hentry"],"aioseo_notices":[],"_links":{"self":[{"href":"https:\/\/cosmetic-zier.de\/index.php\/wp-json\/wp\/v2\/pages\/55","targetHints":{"allow":["GET"]}}],"collection":[{"href":"https:\/\/cosmetic-zier.de\/index.php\/wp-json\/wp\/v2\/pages"}],"about":[{"href":"https:\/\/cosmetic-zier.de\/index.php\/wp-json\/wp\/v2\/types\/page"}],"author":[{"embeddable":true,"href":"https:\/\/cosmetic-zier.de\/index.php\/wp-json\/wp\/v2\/users\/1"}],"replies":[{"embeddable":true,"href":"https:\/\/cosmetic-zier.de\/index.php\/wp-json\/wp\/v2\/comments?post=55"}],"version-history":[{"count":52,"href":"https:\/\/cosmetic-zier.de\/index.php\/wp-json\/wp\/v2\/pages\/55\/revisions"}],"predecessor-version":[{"id":2413,"href":"https:\/\/cosmetic-zier.de\/index.php\/wp-json\/wp\/v2\/pages\/55\/revisions\/2413"}],"wp:attachment":[{"href":"https:\/\/cosmetic-zier.de\/index.php\/wp-json\/wp\/v2\/media?parent=55"}],"curies":[{"name":"wp","href":"https:\/\/api.w.org\/{rel}","templated":true}]}}