{"id":57,"date":"2023-05-15T14:44:34","date_gmt":"2023-05-15T12:44:34","guid":{"rendered":"http:\/\/2023.cosmetic-zier.de\/?page_id=57"},"modified":"2023-06-28T12:48:13","modified_gmt":"2023-06-28T10:48:13","slug":"datenschutz","status":"publish","type":"page","link":"https:\/\/cosmetic-zier.de\/index.php\/datenschutz\/","title":{"rendered":"Datenschutz"},"content":{"rendered":"\t\t<div data-elementor-type=\"wp-page\" data-elementor-id=\"57\" class=\"elementor elementor-57\" data-elementor-post-type=\"page\">\n\t\t\t\t\t\t<section class=\"elementor-section elementor-top-section elementor-element elementor-element-4431cc2b elementor-section-full_width elementor-section-height-default elementor-section-height-default\" data-id=\"4431cc2b\" data-element_type=\"section\">\n\t\t\t\t\t\t<div class=\"elementor-container elementor-column-gap-default\">\n\t\t\t\t\t<div class=\"elementor-column elementor-col-100 elementor-top-column elementor-element elementor-element-2e949ece\" data-id=\"2e949ece\" data-element_type=\"column\">\n\t\t\t<div class=\"elementor-widget-wrap elementor-element-populated\">\n\t\t\t\t\t\t<div class=\"elementor-element elementor-element-72bcc8c0 elementor-widget elementor-widget-heading\" data-id=\"72bcc8c0\" data-element_type=\"widget\" data-widget_type=\"heading.default\">\n\t\t\t\t\t<h1 class=\"elementor-heading-title elementor-size-default\">DATENSCHUTZ<\/h1>\t\t\t\t<\/div>\n\t\t\t\t<div class=\"elementor-element elementor-element-17726f02 elementor-widget-divider--view-line elementor-widget elementor-widget-divider\" data-id=\"17726f02\" data-element_type=\"widget\" data-settings=\"{&quot;motion_fx_motion_fx_scrolling&quot;:&quot;yes&quot;,&quot;motion_fx_translateX_effect&quot;:&quot;yes&quot;,&quot;motion_fx_translateX_direction&quot;:&quot;negative&quot;,&quot;motion_fx_translateX_speed&quot;:{&quot;unit&quot;:&quot;px&quot;,&quot;size&quot;:&quot;1.5&quot;,&quot;sizes&quot;:[]},&quot;motion_fx_devices&quot;:[&quot;desktop&quot;],&quot;motion_fx_translateX_affectedRange&quot;:{&quot;unit&quot;:&quot;%&quot;,&quot;size&quot;:&quot;&quot;,&quot;sizes&quot;:{&quot;start&quot;:0,&quot;end&quot;:100}}}\" data-widget_type=\"divider.default\">\n\t\t\t\t\t\t\t<div class=\"elementor-divider\">\n\t\t\t<span class=\"elementor-divider-separator\">\n\t\t\t\t\t\t<\/span>\n\t\t<\/div>\n\t\t\t\t\t\t<\/div>\n\t\t\t\t\t<\/div>\n\t\t<\/div>\n\t\t\t\t\t<\/div>\n\t\t<\/section>\n\t\t\t\t<section class=\"elementor-section elementor-top-section elementor-element elementor-element-b9d3881 elementor-section-full_width elementor-section-height-default elementor-section-height-default\" data-id=\"b9d3881\" data-element_type=\"section\">\n\t\t\t\t\t\t<div class=\"elementor-container elementor-column-gap-default\">\n\t\t\t\t\t<div class=\"elementor-column elementor-col-100 elementor-top-column elementor-element elementor-element-5a2dcaa\" data-id=\"5a2dcaa\" data-element_type=\"column\">\n\t\t\t<div class=\"elementor-widget-wrap elementor-element-populated\">\n\t\t\t\t\t\t<div class=\"elementor-element elementor-element-8e07eb0 elementor-widget elementor-widget-image\" data-id=\"8e07eb0\" data-element_type=\"widget\" data-widget_type=\"image.default\">\n\t\t\t\t\t\t\t\t\t\t\t\t\t\t\t<img fetchpriority=\"high\" decoding=\"async\" width=\"1718\" height=\"790\" src=\"https:\/\/cosmetic-zier.de\/wp-content\/uploads\/2023\/06\/datenschutz_cosmetic_zier_bamberg.jpg\" class=\"attachment-full size-full wp-image-1440\" alt=\"\" srcset=\"https:\/\/cosmetic-zier.de\/wp-content\/uploads\/2023\/06\/datenschutz_cosmetic_zier_bamberg.jpg 1718w, https:\/\/cosmetic-zier.de\/wp-content\/uploads\/2023\/06\/datenschutz_cosmetic_zier_bamberg-300x138.jpg 300w, https:\/\/cosmetic-zier.de\/wp-content\/uploads\/2023\/06\/datenschutz_cosmetic_zier_bamberg-1024x471.jpg 1024w, https:\/\/cosmetic-zier.de\/wp-content\/uploads\/2023\/06\/datenschutz_cosmetic_zier_bamberg-768x353.jpg 768w, https:\/\/cosmetic-zier.de\/wp-content\/uploads\/2023\/06\/datenschutz_cosmetic_zier_bamberg-1536x706.jpg 1536w\" sizes=\"(max-width: 1718px) 100vw, 1718px\" \/>\t\t\t\t\t\t\t\t\t\t\t\t\t\t\t<\/div>\n\t\t\t\t\t<\/div>\n\t\t<\/div>\n\t\t\t\t\t<\/div>\n\t\t<\/section>\n\t\t\t\t<section class=\"elementor-section elementor-top-section elementor-element elementor-element-3626ba5 elementor-section-full_width elementor-section-height-min-height elementor-section-content-middle elementor-section-height-default elementor-section-items-middle\" data-id=\"3626ba5\" data-element_type=\"section\">\n\t\t\t\t\t\t<div class=\"elementor-container elementor-column-gap-default\">\n\t\t\t\t\t<div class=\"elementor-column elementor-col-100 elementor-top-column elementor-element elementor-element-2797351\" data-id=\"2797351\" data-element_type=\"column\">\n\t\t\t<div class=\"elementor-widget-wrap elementor-element-populated\">\n\t\t\t\t\t\t<div class=\"elementor-element elementor-element-da9f6e5 elementor-widget elementor-widget-text-editor\" data-id=\"da9f6e5\" data-element_type=\"widget\" data-widget_type=\"text-editor.default\">\n\t\t\t\t\t\t\t\t\t<p><strong>1. Name und Kontaktdaten des f\u00fcr die Verarbeitung Verantwortlichen sowie des betrieblichen \u00adDatenschutzbeauftragten<\/strong><\/p><p>Marlene Zier<br \/><span class=\"Stil6\">In der Mayerschen G\u00e4rtnerei<br \/>Maria-Ward-Stra\u00dfe 182<br class=\"\u201cclear\u201c\" \/>96047 Bamberg<\/span><\/p><p>E-Mail: info@cosmetic-zier.de<\/p><p>Tel.-Nr.: 0951\/18582201<\/p><p>Die betriebliche Datenschutzbeauftragte Marlene Zier ist unter der o.g. Anschrift zu erreichen, beziehungsweise unter info@cosmetic-zier.de erreichbar.<\/p><p><strong>2. Erhebung und Speicherung personenbezogener Daten sowie Art und Zweck von deren Verwendung<br \/><\/strong>Beim Besuch der Website<br \/>Beim Aufrufen unserer Website www.cosmetic-zier.de werden durch den auf Ihrem Endger\u00e4t zum Einsatz kommenden Browser automatisch Informationen an den Server unserer Website gesendet. Diese Informationen werden tempor\u00e4r in einem sog. Logfile gespeichert. Folgende Informationen werden dabei ohne Ihr Zutun erfasst und bis zur automatisierten L\u00f6schung gespeichert:<br \/>IP-Adresse des anfragenden Rechners,<br \/>Datum und Uhrzeit des Zugriffs,<br \/>Name und URL der abgerufenen Datei,<br \/>Website, von der aus der Zugriff erfolgt (Referrer-URL),<br \/>verwendeter Browser und ggf. das Betriebssystem Ihres Rechners sowie der Name Ihres Access-Providers<br \/>Die genannten Daten werden durch uns zu folgenden Zwecken verarbeitet:<br \/>Gew\u00e4hrleistung eines reibungslosen Verbindungsaufbaus der Website,<br \/>Gew\u00e4hrleistung einer komfortablen Nutzung unserer Website,<br \/>Auswertung der Systemsicherheit und -stabilit\u00e4t sowie<br \/>zu weiteren administrativen Zwecken.<br \/>Die Rechtsgrundlage f\u00fcr die Datenverarbeitung ist Art. 6 Abs. 1 S. 1 lit. f DSGVO. Unser berechtigtes Interesse folgt aus oben aufgelisteten Zwecken zur Datenerhebung. In keinem Fall verwenden wir die erhobenen Daten zu dem Zweck, R\u00fcckschl\u00fcsse auf Ihre Person zu ziehen.<br \/>Dar\u00fcber hinaus setzen wir beim Besuch unserer Website Cookies ein. N\u00e4here Erl\u00e4uterungen dazu erhalten Sie unter den Ziff. 4 und 5 dieser Datenschutzerkl\u00e4rung.<\/p><p><strong>3. Weitergabe von Daten<br \/><\/strong>Eine \u00dcbermittlung Ihrer pers\u00f6nlichen Daten an Dritte zu anderen als den im Folgenden aufgef\u00fchrten Zwecken findet nicht statt.<br \/>Wir geben Ihre pers\u00f6nlichen Daten nur an Dritte weiter, wenn:<br \/>Sie Ihre nach Art. 6 Abs. 1 S. 1 lit. a DSGVO ausdr\u00fcckliche Einwilligung dazu erteilt haben,<br \/>die Weitergabe nach Art. 6 Abs. 1 S. 1 lit. f DSGVO zur Geltendmachung, Aus\u00fcbung oder Verteidigung von Rechtsanspr\u00fcchen erforderlich ist und kein Grund zur Annahme besteht, dass Sie ein \u00fcberwiegendes schutzw\u00fcrdiges Interesse an der Nichtweitergabe Ihrer Daten haben,<br \/>f\u00fcr den Fall, dass f\u00fcr die Weitergabe nach Art. 6 Abs. 1 S. 1 lit. c DSGVO eine gesetzliche Verpflichtung besteht, sowie<br \/>dies gesetzlich zul\u00e4ssig und nach Art. 6 Abs. 1 S. 1 lit. b DSGVO f\u00fcr die Abwicklung von Vertragsverh\u00e4ltnissen mit Ihnen erforderlich ist.<\/p><p><strong>4. Cookies<br \/><\/strong>Wir setzen auf unserer Seite \u2013 nach Art. 29 Datenschutzgruppe \u2013 nur f\u00fcr die Funktion der Website notwendige Cookies ein.<\/p><p><strong>5. Betroffenenrechte<br \/><\/strong>Sie haben das Recht:<br \/>gem\u00e4\u00df Art. 15 DSGVO Auskunft \u00fcber Ihre von uns verarbeiteten personenbezogenen Daten zu verlangen. Insbesondere k\u00f6nnen Sie Auskunft \u00fcber die Verarbeitungszwecke, die Kategorie der personenbezogenen Daten, die Kategorien von Empf\u00e4ngern, gegen\u00fcber denen Ihre Daten offengelegt wurden oder werden, die geplante Speicherdauer, das Bestehen eines Rechts auf Berichtigung, L\u00f6schung, Einschr\u00e4nkung der Verarbeitung oder Widerspruch, das Bestehen eines Beschwerderechts, die Herkunft ihrer Daten, sofern diese nicht bei uns erhoben wurden, sowie \u00fcber das Bestehen einer automatisierten Entscheidungsfindung einschlie\u00dflich Profiling und ggf. aussagekr\u00e4ftigen Informationen zu deren Einzelheiten verlangen;<br \/>gem\u00e4\u00df Art. 16 DSGVO unverz\u00fcglich die Berichtigung unrichtiger oder Vervollst\u00e4ndigung Ihrer bei uns gespeicherten personenbezogenen Daten zu verlangen;<br \/>gem\u00e4\u00df Art. 17 DSGVO die L\u00f6schung Ihrer bei uns gespeicherten personenbezogenen Daten zu verlangen, soweit nicht die Verarbeitung zur Aus\u00fcbung des Rechts auf freie Meinungs\u00e4u\u00dferung und Information, zur Erf\u00fcllung einer rechtlichen Verpflichtung, aus Gr\u00fcnden des \u00f6ffentlichen Interesses oder zur Geltendmachung, Aus\u00fcbung oder Verteidigung von Rechtsanspr\u00fcchen erforderlich ist;<br \/>gem\u00e4\u00df Art. 18 DSGVO die Einschr\u00e4nkung der Verarbeitung Ihrer personenbezogenen Daten zu verlangen, soweit die Richtigkeit der Daten von Ihnen bestritten wird, die Verarbeitung unrechtm\u00e4\u00dfig ist, Sie aber deren L\u00f6schung ablehnen und wir die Daten nicht mehr ben\u00f6tigen, Sie jedoch diese zur Geltendmachung, Aus\u00fcbung oder Verteidigung von Rechtsanspr\u00fcchen ben\u00f6tigen oder Sie gem\u00e4\u00df Art. 21 DSGVO Widerspruch gegen die Verarbeitung eingelegt haben;<br \/>gem\u00e4\u00df Art. 20 DSGVO Ihre personenbezogenen Daten, die Sie uns bereitgestellt haben, in einem strukturierten, g\u00e4ngigen und maschinenlesebaren Format zu erhalten oder die \u00dcbermittlung an einen anderen Verantwortlichen zu verlangen;<br \/>gem\u00e4\u00df Art. 7 Abs. 3 DSGVO Ihre einmal erteilte Einwilligung jederzeit gegen\u00fcber uns zu widerrufen. Dies hat zur Folge, dass wir die Datenverarbeitung, die auf dieser Einwilligung beruhte, f\u00fcr die Zukunft nicht mehr fortf\u00fchren d\u00fcrfen und<br \/>gem\u00e4\u00df Art. 77 DSGVO sich bei einer Aufsichtsbeh\u00f6rde zu beschweren. In der Regel k\u00f6nnen Sie sich hierf\u00fcr an die Aufsichtsbeh\u00f6rde Ihres \u00fcblichen Aufenthaltsortes oder Arbeitsplatzes oder wenden.<\/p><p><strong>6. Widerspruchsrecht<br \/><\/strong>Sofern Ihre personenbezogenen Daten auf Grundlage von berechtigten Interessen gem\u00e4\u00df Art. 6 Abs. 1 S. 1 lit. f DSGVO verarbeitet werden, haben Sie das Recht, gem\u00e4\u00df Art. 21 DSGVO Widerspruch gegen die Verarbeitung Ihrer personenbezogenen Daten einzulegen, soweit daf\u00fcr Gr\u00fcnde vorliegen, die sich aus Ihrer besonderen Situation ergeben oder sich der Widerspruch gegen Direktwerbung richtet. Im letzteren Fall haben Sie ein generelles Widerspruchsrecht, das ohne Angabe einer besonderen Situation von uns umgesetzt wird.<br \/>M\u00f6chten Sie von Ihrem Widerrufs- oder Widerspruchsrecht Gebrauch machen, gen\u00fcgt eine E-Mail an info@cosmetic-zier.de<\/p><p><strong>7. Datensicherheit<br \/><\/strong>SSL-Verschl\u00fcsselung\u2028<br \/>Um die Sicherheit Ihrer Daten bei der \u00dcbertragung zu sch\u00fctzen, verwenden wir dem aktuellen Stand der Technik entsprechende Verschl\u00fcsselungsverfahren (SSL) \u00fcber HTTPS.<\/p><p><strong>8. Schriften<br \/><\/strong>Wir verwenden lokal eingebundene Schriften von google und fontawesome.<\/p><p><strong>9. Plugins und Tools<\/strong><br \/>Als Anfahrtskarte verwenden wir einen screenshot von google Maps. Durch das Abbilden der copyright-Bestimmung ist dies von google akzeptiert. Bei dem Klick auf das Bild oder den Link werden Sie extern zu google weitergeleitet.<\/p><p><strong>10. Aktualit\u00e4t und \u00c4nderung dieser Datenschutzerkl\u00e4rung<br \/><\/strong>Diese Datenschutzerkl\u00e4rung ist aktuell g\u00fcltig und hat den Stand Mai 2023.<br \/>Durch die Weiterentwicklung unserer Website und Angebote dar\u00fcber oder aufgrund ge\u00e4nderter gesetzlicher beziehungsweise beh\u00f6rdlicher Vorgaben kann es notwendig werden, diese Datenschutzerkl\u00e4rung zu \u00e4ndern. Die jeweils aktuelle Datenschutzerkl\u00e4rung kann jederzeit auf der Website von Ihnen abgerufen oder ausgedruckt werden.<\/p>\t\t\t\t\t\t\t\t<\/div>\n\t\t\t\t\t<\/div>\n\t\t<\/div>\n\t\t\t\t\t<\/div>\n\t\t<\/section>\n\t\t\t\t<\/div>\n\t\t","protected":false},"excerpt":{"rendered":"<p>DATENSCHUTZ 1. Name und Kontaktdaten des f\u00fcr die Verarbeitung Verantwortlichen sowie des betrieblichen \u00adDatenschutzbeauftragten Marlene ZierIn der Mayerschen G\u00e4rtnereiMaria-Ward-Stra\u00dfe 18296047 Bamberg E-Mail: info@cosmetic-zier.de Tel.-Nr.: 0951\/18582201 Die betriebliche Datenschutzbeauftragte Marlene Zier ist unter der o.g. Anschrift zu erreichen, beziehungsweise unter info@cosmetic-zier.de erreichbar. 2. Erhebung und Speicherung personenbezogener Daten sowie Art und Zweck von deren VerwendungBeim Besuch [&hellip;]<\/p>\n","protected":false},"author":1,"featured_media":0,"parent":0,"menu_order":0,"comment_status":"closed","ping_status":"closed","template":"","meta":{"footnotes":""},"class_list":["post-57","page","type-page","status-publish","hentry"],"aioseo_notices":[],"_links":{"self":[{"href":"https:\/\/cosmetic-zier.de\/index.php\/wp-json\/wp\/v2\/pages\/57","targetHints":{"allow":["GET"]}}],"collection":[{"href":"https:\/\/cosmetic-zier.de\/index.php\/wp-json\/wp\/v2\/pages"}],"about":[{"href":"https:\/\/cosmetic-zier.de\/index.php\/wp-json\/wp\/v2\/types\/page"}],"author":[{"embeddable":true,"href":"https:\/\/cosmetic-zier.de\/index.php\/wp-json\/wp\/v2\/users\/1"}],"replies":[{"embeddable":true,"href":"https:\/\/cosmetic-zier.de\/index.php\/wp-json\/wp\/v2\/comments?post=57"}],"version-history":[{"count":55,"href":"https:\/\/cosmetic-zier.de\/index.php\/wp-json\/wp\/v2\/pages\/57\/revisions"}],"predecessor-version":[{"id":2416,"href":"https:\/\/cosmetic-zier.de\/index.php\/wp-json\/wp\/v2\/pages\/57\/revisions\/2416"}],"wp:attachment":[{"href":"https:\/\/cosmetic-zier.de\/index.php\/wp-json\/wp\/v2\/media?parent=57"}],"curies":[{"name":"wp","href":"https:\/\/api.w.org\/{rel}","templated":true}]}}